{"id":2323,"date":"2024-08-02T18:55:02","date_gmt":"2024-08-02T18:55:02","guid":{"rendered":"https:\/\/discover-andalusia.com\/?page_id=2323"},"modified":"2024-12-01T10:21:31","modified_gmt":"2024-12-01T10:21:31","slug":"leisure","status":"publish","type":"page","link":"https:\/\/discover-andalusia.com\/fr\/loisirs\/","title":{"rendered":"Loisirs"},"content":{"rendered":"<div class=\"wp-block-uagb-post-grid uagb-post-grid  uagb-post__image-position-top uagb-post__image-enabled uagb-block-e4b1e199     uagb-post__items uagb-post__columns-2 is-grid uagb-post__columns-tablet-2 uagb-post__columns-mobile-1 uagb-post__equal-height\" data-total=\"1\" style=\"\">\n\n\t\t\t\t\t\t\t\t\t\t\t\t<article class=\"uagb-post__inner-wrap\">\t\t\t\t\t\t\t\t<div class='uagb-post__image'>\n\t\t\t\t\t\t\t\t\t<a href=\"https:\/\/discover-andalusia.com\/fr\/cordoue-a-noel\/\" target=\"_self\" rel=\"bookmark noopener noreferrer\" class='uagb-image-ratio-inherit'><img decoding=\"async\" width=\"1024\" height=\"430\" src=\"https:\/\/discover-andalusia.com\/wp-content\/uploads\/2024\/12\/cordoba-christmas-lights-1024x430.webp\" class=\"attachment-large size-large\" alt=\"\" srcset=\"https:\/\/discover-andalusia.com\/wp-content\/uploads\/2024\/12\/cordoba-christmas-lights-1024x430.webp 1024w, https:\/\/discover-andalusia.com\/wp-content\/uploads\/2024\/12\/cordoba-christmas-lights-300x126.webp 300w, https:\/\/discover-andalusia.com\/wp-content\/uploads\/2024\/12\/cordoba-christmas-lights-768x323.webp 768w, https:\/\/discover-andalusia.com\/wp-content\/uploads\/2024\/12\/cordoba-christmas-lights-1536x645.webp 1536w, https:\/\/discover-andalusia.com\/wp-content\/uploads\/2024\/12\/cordoba-christmas-lights-18x8.webp 18w, https:\/\/discover-andalusia.com\/wp-content\/uploads\/2024\/12\/cordoba-christmas-lights.webp 2000w\" sizes=\"(max-width: 1024px) 100vw, 1024px\" \/>\t\t\t\t\t<\/a>\n\t\t\t\t\t\t\t<\/div>\n\t\t\t\t\t\t<h3 class=\"uagb-post__title uagb-post__text\">\n\t\t\t\t<a href=\"https:\/\/discover-andalusia.com\/fr\/cordoue-a-noel\/\" target=\"_self\" rel=\"bookmark noopener noreferrer\">C\u00f3rdoba in Christmas 2025<\/a>\n\t\t\t<\/h3>\n\t\t\t\t\t\t<div class='uagb-post__text uagb-post-grid-byline'>\n\t\t\t\t\t\t\t<\/div>\n\t\t\t\t\t\t\t<div class='uagb-post__text uagb-post__excerpt'>\n\t\t\t\t\t<p>Cordoue se transforme en un pays des merveilles pendant les f\u00eates de fin d'ann\u00e9e, offrant un riche m\u00e9lange de traditions, de culture et de divertissements pour tous. Des illuminations \u00e9blouissantes aux d\u00e9fil\u00e9s anim\u00e9s, en passant par les spectacles musicaux et les activit\u00e9s familiales, la ville s'anime...\t\t\t\t<\/div>\n\t\t\t\t\t\t<div class=\"uagb-post__text uagb-post__cta wp-block-button\">\n\t\t\t\t<a class=\"wp-block-button__link uagb-text-link\" style=\"\" href=\"https:\/\/discover-andalusia.com\/fr\/cordoue-a-noel\/\" target=\"_self\" rel=\"bookmark noopener noreferrer\">Lire la suite<\/a>\n\t\t\t<\/div>\n\t\t\t\n\t\t\t\t\t\t\t\t\t<\/article>\n\t\t\t\t\t\t\t\t\t\t\t\t\t\t\t\t<article class=\"uagb-post__inner-wrap\">\t\t\t\t\t\t\t\t<div class='uagb-post__image'>\n\t\t\t\t\t\t\t\t\t<a href=\"https:\/\/discover-andalusia.com\/fr\/noel-2024-a-granada-conseils-et-astuces-sur-ce-quil-faut-faire\/\" target=\"_self\" rel=\"bookmark noopener noreferrer\" class='uagb-image-ratio-inherit'><img decoding=\"async\" width=\"1024\" height=\"768\" src=\"https:\/\/discover-andalusia.com\/wp-content\/uploads\/2024\/12\/granada-christmas-1024x768.webp\" class=\"attachment-large size-large\" alt=\"\" srcset=\"https:\/\/discover-andalusia.com\/wp-content\/uploads\/2024\/12\/granada-christmas-1024x768.webp 1024w, https:\/\/discover-andalusia.com\/wp-content\/uploads\/2024\/12\/granada-christmas-300x225.webp 300w, https:\/\/discover-andalusia.com\/wp-content\/uploads\/2024\/12\/granada-christmas-768x576.webp 768w, https:\/\/discover-andalusia.com\/wp-content\/uploads\/2024\/12\/granada-christmas-1536x1152.webp 1536w, https:\/\/discover-andalusia.com\/wp-content\/uploads\/2024\/12\/granada-christmas-16x12.webp 16w, https:\/\/discover-andalusia.com\/wp-content\/uploads\/2024\/12\/granada-christmas.webp 2048w\" sizes=\"(max-width: 1024px) 100vw, 1024px\" \/>\t\t\t\t\t<\/a>\n\t\t\t\t\t\t\t<\/div>\n\t\t\t\t\t\t<h3 class=\"uagb-post__title uagb-post__text\">\n\t\t\t\t<a href=\"https:\/\/discover-andalusia.com\/fr\/noel-2024-a-granada-conseils-et-astuces-sur-ce-quil-faut-faire\/\" target=\"_self\" rel=\"bookmark noopener noreferrer\">Christmas 2025 in Granada, tips and advice about what to do<\/a>\n\t\t\t<\/h3>\n\t\t\t\t\t\t<div class='uagb-post__text uagb-post-grid-byline'>\n\t\t\t\t\t\t\t<\/div>\n\t\t\t\t\t\t\t<div class='uagb-post__text uagb-post__excerpt'>\n\t\t\t\t\t<p>Grenade se transforme en un lieu de r\u00eave pendant la p\u00e9riode de No\u00ebl, offrant une exp\u00e9rience inoubliable aux visiteurs et aux habitants. Ses rues s'illuminent de lumi\u00e8res \u00e9blouissantes, les chants de No\u00ebl r\u00e9sonnent \u00e0 chaque coin de rue et les places embl\u00e9matiques...\t\t\t\t<\/div>\n\t\t\t\t\t\t<div class=\"uagb-post__text uagb-post__cta wp-block-button\">\n\t\t\t\t<a class=\"wp-block-button__link uagb-text-link\" style=\"\" href=\"https:\/\/discover-andalusia.com\/fr\/noel-2024-a-granada-conseils-et-astuces-sur-ce-quil-faut-faire\/\" target=\"_self\" rel=\"bookmark noopener noreferrer\">Lire la suite<\/a>\n\t\t\t<\/div>\n\t\t\t\n\t\t\t\t\t\t\t\t\t<\/article>\n\t\t\t\t\t\t\t\t\t\t\t\t\t\t\t\t<article class=\"uagb-post__inner-wrap\">\t\t\t\t\t\t\t\t<div class='uagb-post__image'>\n\t\t\t\t\t\t\t\t\t<a href=\"https:\/\/discover-andalusia.com\/fr\/que-faire-pour-noel-2024-a-malaga\/\" target=\"_self\" rel=\"bookmark noopener noreferrer\" class='uagb-image-ratio-inherit'><img decoding=\"async\" width=\"768\" height=\"1024\" src=\"https:\/\/discover-andalusia.com\/wp-content\/uploads\/2024\/11\/malaga-christmas-lights-768x1024.webp\" class=\"attachment-large size-large\" alt=\"\" srcset=\"https:\/\/discover-andalusia.com\/wp-content\/uploads\/2024\/11\/malaga-christmas-lights-768x1024.webp 768w, https:\/\/discover-andalusia.com\/wp-content\/uploads\/2024\/11\/malaga-christmas-lights-225x300.webp 225w, https:\/\/discover-andalusia.com\/wp-content\/uploads\/2024\/11\/malaga-christmas-lights-1152x1536.webp 1152w, https:\/\/discover-andalusia.com\/wp-content\/uploads\/2024\/11\/malaga-christmas-lights-1536x2048.webp 1536w, https:\/\/discover-andalusia.com\/wp-content\/uploads\/2024\/11\/malaga-christmas-lights-9x12.webp 9w, https:\/\/discover-andalusia.com\/wp-content\/uploads\/2024\/11\/malaga-christmas-lights-scaled.webp 1920w\" sizes=\"(max-width: 768px) 100vw, 768px\" \/>\t\t\t\t\t<\/a>\n\t\t\t\t\t\t\t<\/div>\n\t\t\t\t\t\t<h3 class=\"uagb-post__title uagb-post__text\">\n\t\t\t\t<a href=\"https:\/\/discover-andalusia.com\/fr\/que-faire-pour-noel-2024-a-malaga\/\" target=\"_self\" rel=\"bookmark noopener noreferrer\">What to do for Christmas 2025 in M\u00e1laga<\/a>\n\t\t\t<\/h3>\n\t\t\t\t\t\t<div class='uagb-post__text uagb-post-grid-byline'>\n\t\t\t\t\t\t\t<\/div>\n\t\t\t\t\t\t\t<div class='uagb-post__text uagb-post__excerpt'>\n\t\t\t\t\t<p>M\u00e1laga \u00e0 No\u00ebl est l'une des destinations de vacances les plus populaires en Europe. Le beau temps tout au long de l'ann\u00e9e, m\u00eame en d\u00e9cembre, offre aux touristes une exp\u00e9rience unique pour leurs vacances de No\u00ebl sous le soleil m\u00e9diterran\u00e9en. Ici, je vous montrerai...\t\t\t\t<\/div>\n\t\t\t\t\t\t<div class=\"uagb-post__text uagb-post__cta wp-block-button\">\n\t\t\t\t<a class=\"wp-block-button__link uagb-text-link\" style=\"\" href=\"https:\/\/discover-andalusia.com\/fr\/que-faire-pour-noel-2024-a-malaga\/\" target=\"_self\" rel=\"bookmark noopener noreferrer\">Lire la suite<\/a>\n\t\t\t<\/div>\n\t\t\t\n\t\t\t\t\t\t\t\t\t<\/article>\n\t\t\t\t\t\t\t\t\t\t\t\t\t\t\t\t<article class=\"uagb-post__inner-wrap\">\t\t\t\t\t\t\t\t<div class='uagb-post__image'>\n\t\t\t\t\t\t\t\t\t<a href=\"https:\/\/discover-andalusia.com\/fr\/noel-2024-a-seville-quoi-faire\/\" target=\"_self\" rel=\"bookmark noopener noreferrer\" class='uagb-image-ratio-inherit'><img decoding=\"async\" width=\"743\" height=\"1024\" src=\"https:\/\/discover-andalusia.com\/wp-content\/uploads\/2024\/11\/sevilla-in-christmas-743x1024.webp\" class=\"attachment-large size-large\" alt=\"\" srcset=\"https:\/\/discover-andalusia.com\/wp-content\/uploads\/2024\/11\/sevilla-in-christmas-743x1024.webp 743w, https:\/\/discover-andalusia.com\/wp-content\/uploads\/2024\/11\/sevilla-in-christmas-218x300.webp 218w, https:\/\/discover-andalusia.com\/wp-content\/uploads\/2024\/11\/sevilla-in-christmas-768x1058.webp 768w, https:\/\/discover-andalusia.com\/wp-content\/uploads\/2024\/11\/sevilla-in-christmas-1115x1536.webp 1115w, https:\/\/discover-andalusia.com\/wp-content\/uploads\/2024\/11\/sevilla-in-christmas-1486x2048.webp 1486w, https:\/\/discover-andalusia.com\/wp-content\/uploads\/2024\/11\/sevilla-in-christmas-9x12.webp 9w, https:\/\/discover-andalusia.com\/wp-content\/uploads\/2024\/11\/sevilla-in-christmas.webp 1755w\" sizes=\"(max-width: 743px) 100vw, 743px\" \/>\t\t\t\t\t<\/a>\n\t\t\t\t\t\t\t<\/div>\n\t\t\t\t\t\t<h3 class=\"uagb-post__title uagb-post__text\">\n\t\t\t\t<a href=\"https:\/\/discover-andalusia.com\/fr\/noel-2024-a-seville-quoi-faire\/\" target=\"_self\" rel=\"bookmark noopener noreferrer\">Christmas 2025 in Seville, What to do<\/a>\n\t\t\t<\/h3>\n\t\t\t\t\t\t<div class='uagb-post__text uagb-post-grid-byline'>\n\t\t\t\t\t\t\t<\/div>\n\t\t\t\t\t\t\t<div class='uagb-post__text uagb-post__excerpt'>\n\t\t\t\t\t<p>S\u00e9ville, joyau ensoleill\u00e9 du sud de l'Espagne, se transforme en un pays de lumi\u00e8re et de traditions pendant la p\u00e9riode de No\u00ebl. De ses rues enchanteresses orn\u00e9es d'illuminations scintillantes \u00e0 la chaleur de ses coutumes intemporelles, la ville vous invite \u00e0...\t\t\t\t<\/div>\n\t\t\t\t\t\t<div class=\"uagb-post__text uagb-post__cta wp-block-button\">\n\t\t\t\t<a class=\"wp-block-button__link uagb-text-link\" style=\"\" href=\"https:\/\/discover-andalusia.com\/fr\/noel-2024-a-seville-quoi-faire\/\" target=\"_self\" rel=\"bookmark noopener noreferrer\">Lire la suite<\/a>\n\t\t\t<\/div>\n\t\t\t\n\t\t\t\t\t\t\t\t\t<\/article>\n\t\t\t\t\t\t\t\t\t\t\t\t\t\t\t\t<article class=\"uagb-post__inner-wrap\">\t\t\t\t\t\t\t\t<div class='uagb-post__image'>\n\t\t\t\t\t\t\t\t\t<a href=\"https:\/\/discover-andalusia.com\/fr\/what-to-do-and-see-in-granada\/\" target=\"_self\" rel=\"bookmark noopener noreferrer\" class='uagb-image-ratio-inherit'><img decoding=\"async\" width=\"1024\" height=\"683\" src=\"https:\/\/discover-andalusia.com\/wp-content\/uploads\/2024\/10\/granada-1024x683.webp\" class=\"attachment-large size-large\" alt=\"\" srcset=\"https:\/\/discover-andalusia.com\/wp-content\/uploads\/2024\/10\/granada-1024x683.webp 1024w, https:\/\/discover-andalusia.com\/wp-content\/uploads\/2024\/10\/granada-300x200.webp 300w, https:\/\/discover-andalusia.com\/wp-content\/uploads\/2024\/10\/granada-768x512.webp 768w, https:\/\/discover-andalusia.com\/wp-content\/uploads\/2024\/10\/granada-1536x1024.webp 1536w, https:\/\/discover-andalusia.com\/wp-content\/uploads\/2024\/10\/granada-2048x1365.webp 2048w, https:\/\/discover-andalusia.com\/wp-content\/uploads\/2024\/10\/granada-18x12.webp 18w\" sizes=\"(max-width: 1024px) 100vw, 1024px\" \/>\t\t\t\t\t<\/a>\n\t\t\t\t\t\t\t<\/div>\n\t\t\t\t\t\t<h3 class=\"uagb-post__title uagb-post__text\">\n\t\t\t\t<a href=\"https:\/\/discover-andalusia.com\/fr\/what-to-do-and-see-in-granada\/\" target=\"_self\" rel=\"bookmark noopener noreferrer\">Que faire et que voir \u00e0 Grenade ?<\/a>\n\t\t\t<\/h3>\n\t\t\t\t\t\t<div class='uagb-post__text uagb-post-grid-byline'>\n\t\t\t\t\t\t\t<\/div>\n\t\t\t\t\t\t\t<div class='uagb-post__text uagb-post__excerpt'>\n\t\t\t\t\t<p>Grenade est l'une des villes les plus captivantes d'Espagne, riche en histoire, en culture et en beaut\u00e9 \u00e0 chaque tournant. Nich\u00e9e au pied de la Sierra Nevada et profond\u00e9ment influenc\u00e9e par la culture musulmane, Grenade poss\u00e8de un centre historique, des monuments et des quartiers...\t\t\t\t<\/div>\n\t\t\t\t\t\t<div class=\"uagb-post__text uagb-post__cta wp-block-button\">\n\t\t\t\t<a class=\"wp-block-button__link uagb-text-link\" style=\"\" href=\"https:\/\/discover-andalusia.com\/fr\/what-to-do-and-see-in-granada\/\" target=\"_self\" rel=\"bookmark noopener noreferrer\">Lire la suite<\/a>\n\t\t\t<\/div>\n\t\t\t\n\t\t\t\t\t\t\t\t\t<\/article>\n\t\t\t\t\t\t\t\t\t\t\t\t\t\t\t\t<article class=\"uagb-post__inner-wrap\">\t\t\t\t\t\t\t\t<div class='uagb-post__image'>\n\t\t\t\t\t\t\t\t\t<a href=\"https:\/\/discover-andalusia.com\/fr\/what-to-do-and-see-in-cordoba\/\" target=\"_self\" rel=\"bookmark noopener noreferrer\" class='uagb-image-ratio-inherit'><img decoding=\"async\" width=\"1024\" height=\"683\" src=\"https:\/\/discover-andalusia.com\/wp-content\/uploads\/2024\/10\/cordoba-1024x683.webp\" class=\"attachment-large size-large\" alt=\"\" srcset=\"https:\/\/discover-andalusia.com\/wp-content\/uploads\/2024\/10\/cordoba-1024x683.webp 1024w, https:\/\/discover-andalusia.com\/wp-content\/uploads\/2024\/10\/cordoba-300x200.webp 300w, https:\/\/discover-andalusia.com\/wp-content\/uploads\/2024\/10\/cordoba-768x512.webp 768w, https:\/\/discover-andalusia.com\/wp-content\/uploads\/2024\/10\/cordoba-1536x1024.webp 1536w, https:\/\/discover-andalusia.com\/wp-content\/uploads\/2024\/10\/cordoba-2048x1365.webp 2048w, https:\/\/discover-andalusia.com\/wp-content\/uploads\/2024\/10\/cordoba-18x12.webp 18w\" sizes=\"(max-width: 1024px) 100vw, 1024px\" \/>\t\t\t\t\t<\/a>\n\t\t\t\t\t\t\t<\/div>\n\t\t\t\t\t\t<h3 class=\"uagb-post__title uagb-post__text\">\n\t\t\t\t<a href=\"https:\/\/discover-andalusia.com\/fr\/what-to-do-and-see-in-cordoba\/\" target=\"_self\" rel=\"bookmark noopener noreferrer\">Que faire et que voir \u00e0 Cordoue ?<\/a>\n\t\t\t<\/h3>\n\t\t\t\t\t\t<div class='uagb-post__text uagb-post-grid-byline'>\n\t\t\t\t\t\t\t<\/div>\n\t\t\t\t\t\t\t<div class='uagb-post__text uagb-post__excerpt'>\n\t\t\t\t\t<p>Cordoue est une ville pleine de charme et d'h\u00e9ritage historique, connue pour son impressionnant m\u00e9lange de cultures et de styles architecturaux. Cette ville andalouse, class\u00e9e au patrimoine mondial de l'UNESCO, offre aux visiteurs un voyage dans l'histoire avec ses monuments, ses places...\t\t\t\t<\/div>\n\t\t\t\t\t\t<div class=\"uagb-post__text uagb-post__cta wp-block-button\">\n\t\t\t\t<a class=\"wp-block-button__link uagb-text-link\" style=\"\" href=\"https:\/\/discover-andalusia.com\/fr\/what-to-do-and-see-in-cordoba\/\" target=\"_self\" rel=\"bookmark noopener noreferrer\">Lire la suite<\/a>\n\t\t\t<\/div>\n\t\t\t\n\t\t\t\t\t\t\t\t\t<\/article>\n\t\t\t\t\t\t\t\t\t\t\t\t\t\t\t\t<article class=\"uagb-post__inner-wrap\">\t\t\t\t\t\t\t\t<div class='uagb-post__image'>\n\t\t\t\t\t\t\t\t\t<a href=\"https:\/\/discover-andalusia.com\/fr\/what-to-see-and-do-in-sevilla\/\" target=\"_self\" rel=\"bookmark noopener noreferrer\" class='uagb-image-ratio-inherit'><img decoding=\"async\" width=\"1024\" height=\"684\" src=\"https:\/\/discover-andalusia.com\/wp-content\/uploads\/2024\/10\/sevilla-1024x684.webp\" class=\"attachment-large size-large\" alt=\"\" srcset=\"https:\/\/discover-andalusia.com\/wp-content\/uploads\/2024\/10\/sevilla-1024x684.webp 1024w, https:\/\/discover-andalusia.com\/wp-content\/uploads\/2024\/10\/sevilla-300x200.webp 300w, https:\/\/discover-andalusia.com\/wp-content\/uploads\/2024\/10\/sevilla-768x513.webp 768w, https:\/\/discover-andalusia.com\/wp-content\/uploads\/2024\/10\/sevilla-1536x1025.webp 1536w, https:\/\/discover-andalusia.com\/wp-content\/uploads\/2024\/10\/sevilla-2048x1367.webp 2048w, https:\/\/discover-andalusia.com\/wp-content\/uploads\/2024\/10\/sevilla-18x12.webp 18w\" sizes=\"(max-width: 1024px) 100vw, 1024px\" \/>\t\t\t\t\t<\/a>\n\t\t\t\t\t\t\t<\/div>\n\t\t\t\t\t\t<h3 class=\"uagb-post__title uagb-post__text\">\n\t\t\t\t<a href=\"https:\/\/discover-andalusia.com\/fr\/what-to-see-and-do-in-sevilla\/\" target=\"_self\" rel=\"bookmark noopener noreferrer\">Que voir et que faire \u00e0 S\u00e9ville ?<\/a>\n\t\t\t<\/h3>\n\t\t\t\t\t\t<div class='uagb-post__text uagb-post-grid-byline'>\n\t\t\t\t\t\t\t<\/div>\n\t\t\t\t\t\t\t<div class='uagb-post__text uagb-post__excerpt'>\n\t\t\t\t\t<p>S\u00e9ville, capitale de l'Andalousie, est une ville d\u00e9bordante de vie, d'art et de monuments historiques qui refl\u00e8tent des si\u00e8cles d'histoire et un riche m\u00e9lange culturel. De ses palais majestueux \u00e0 ses quartiers traditionnels, S\u00e9ville a beaucoup \u00e0 offrir \u00e0 ceux qui...\t\t\t\t<\/div>\n\t\t\t\t\t\t<div class=\"uagb-post__text uagb-post__cta wp-block-button\">\n\t\t\t\t<a class=\"wp-block-button__link uagb-text-link\" style=\"\" href=\"https:\/\/discover-andalusia.com\/fr\/what-to-see-and-do-in-sevilla\/\" target=\"_self\" rel=\"bookmark noopener noreferrer\">Lire la suite<\/a>\n\t\t\t<\/div>\n\t\t\t\n\t\t\t\t\t\t\t\t\t<\/article>\n\t\t\t\t\t\t\t\t\t\t\t\t\t\t\t\t<article class=\"uagb-post__inner-wrap\">\t\t\t\t\t\t\t\t<div class='uagb-post__image'>\n\t\t\t\t\t\t\t\t\t<a href=\"https:\/\/discover-andalusia.com\/fr\/que-voir-et-que-faire-a-malaga\/\" target=\"_self\" rel=\"bookmark noopener noreferrer\" class='uagb-image-ratio-inherit'><img decoding=\"async\" width=\"1024\" height=\"683\" src=\"https:\/\/discover-andalusia.com\/wp-content\/uploads\/2024\/10\/calle-larios-1024x683.webp\" class=\"attachment-large size-large\" alt=\"\" srcset=\"https:\/\/discover-andalusia.com\/wp-content\/uploads\/2024\/10\/calle-larios-1024x683.webp 1024w, https:\/\/discover-andalusia.com\/wp-content\/uploads\/2024\/10\/calle-larios-300x200.webp 300w, https:\/\/discover-andalusia.com\/wp-content\/uploads\/2024\/10\/calle-larios-768x512.webp 768w, https:\/\/discover-andalusia.com\/wp-content\/uploads\/2024\/10\/calle-larios-1536x1024.webp 1536w, https:\/\/discover-andalusia.com\/wp-content\/uploads\/2024\/10\/calle-larios-2048x1365.webp 2048w, https:\/\/discover-andalusia.com\/wp-content\/uploads\/2024\/10\/calle-larios-18x12.webp 18w\" sizes=\"(max-width: 1024px) 100vw, 1024px\" \/>\t\t\t\t\t<\/a>\n\t\t\t\t\t\t\t<\/div>\n\t\t\t\t\t\t<h3 class=\"uagb-post__title uagb-post__text\">\n\t\t\t\t<a href=\"https:\/\/discover-andalusia.com\/fr\/que-voir-et-que-faire-a-malaga\/\" target=\"_self\" rel=\"bookmark noopener noreferrer\">Que voir et que faire \u00e0 Malaga ?<\/a>\n\t\t\t<\/h3>\n\t\t\t\t\t\t<div class='uagb-post__text uagb-post-grid-byline'>\n\t\t\t\t\t\t\t<\/div>\n\t\t\t\t\t\t\t<div class='uagb-post__text uagb-post__excerpt'>\n\t\t\t\t\t<p>Malaga est une ville dynamique de la Costa del Sol, qui offre un m\u00e9lange fascinant d'histoire, de culture et de nature. Avec son climat doux et son atmosph\u00e8re m\u00e9diterran\u00e9enne, M\u00e1laga invite les visiteurs \u00e0 explorer ses sites historiques, ses mus\u00e9es et ses espaces naturels. De...\t\t\t\t<\/div>\n\t\t\t\t\t\t<div class=\"uagb-post__text uagb-post__cta wp-block-button\">\n\t\t\t\t<a class=\"wp-block-button__link uagb-text-link\" style=\"\" href=\"https:\/\/discover-andalusia.com\/fr\/que-voir-et-que-faire-a-malaga\/\" target=\"_self\" rel=\"bookmark noopener noreferrer\">Lire la suite<\/a>\n\t\t\t<\/div>\n\t\t\t\n\t\t\t\t\t\t\t\t\t<\/article>\n\t\t\t\t\t\t\t\t\t\t\t<\/div>","protected":false},"excerpt":{"rendered":"","protected":false},"author":2,"featured_media":0,"parent":0,"menu_order":0,"comment_status":"closed","ping_status":"closed","template":"","meta":{"_uag_custom_page_level_css":"","site-sidebar-layout":"default","site-content-layout":"","ast-site-content-layout":"default","site-content-style":"default","site-sidebar-style":"default","ast-global-header-display":"","ast-banner-title-visibility":"","ast-main-header-display":"","ast-hfb-above-header-display":"","ast-hfb-below-header-display":"","ast-hfb-mobile-header-display":"","site-post-title":"","ast-breadcrumbs-content":"","ast-featured-img":"","footer-sml-layout":"","theme-transparent-header-meta":"","adv-header-id-meta":"","stick-header-meta":"","header-above-stick-meta":"","header-main-stick-meta":"","header-below-stick-meta":"","astra-migrate-meta-layouts":"set","ast-page-background-enabled":"default","ast-page-background-meta":{"desktop":{"background-color":"","background-image":"","background-repeat":"repeat","background-position":"center center","background-size":"auto","background-attachment":"scroll","background-type":"","background-media":"","overlay-type":"","overlay-color":"","overlay-opacity":"","overlay-gradient":""},"tablet":{"background-color":"","background-image":"","background-repeat":"repeat","background-position":"center center","background-size":"auto","background-attachment":"scroll","background-type":"","background-media":"","overlay-type":"","overlay-color":"","overlay-opacity":"","overlay-gradient":""},"mobile":{"background-color":"","background-image":"","background-repeat":"repeat","background-position":"center center","background-size":"auto","background-attachment":"scroll","background-type":"","background-media":"","overlay-type":"","overlay-color":"","overlay-opacity":"","overlay-gradient":""}},"ast-content-background-meta":{"desktop":{"background-color":"var(--ast-global-color-5)","background-image":"","background-repeat":"repeat","background-position":"center center","background-size":"auto","background-attachment":"scroll","background-type":"","background-media":"","overlay-type":"","overlay-color":"","overlay-opacity":"","overlay-gradient":""},"tablet":{"background-color":"var(--ast-global-color-5)","background-image":"","background-repeat":"repeat","background-position":"center center","background-size":"auto","background-attachment":"scroll","background-type":"","background-media":"","overlay-type":"","overlay-color":"","overlay-opacity":"","overlay-gradient":""},"mobile":{"background-color":"var(--ast-global-color-5)","background-image":"","background-repeat":"repeat","background-position":"center center","background-size":"auto","background-attachment":"scroll","background-type":"","background-media":"","overlay-type":"","overlay-color":"","overlay-opacity":"","overlay-gradient":""}},"footnotes":""},"class_list":["post-2323","page","type-page","status-publish","hentry"],"uagb_featured_image_src":{"full":false,"thumbnail":false,"medium":false,"medium_large":false,"large":false,"1536x1536":false,"2048x2048":false,"trp-custom-language-flag":false},"uagb_author_info":{"display_name":"Pablo","author_link":"https:\/\/discover-andalusia.com\/fr\/author\/pablo\/"},"uagb_comment_info":0,"uagb_excerpt":null,"_links":{"self":[{"href":"https:\/\/discover-andalusia.com\/fr\/wp-json\/wp\/v2\/pages\/2323","targetHints":{"allow":["GET"]}}],"collection":[{"href":"https:\/\/discover-andalusia.com\/fr\/wp-json\/wp\/v2\/pages"}],"about":[{"href":"https:\/\/discover-andalusia.com\/fr\/wp-json\/wp\/v2\/types\/page"}],"author":[{"embeddable":true,"href":"https:\/\/discover-andalusia.com\/fr\/wp-json\/wp\/v2\/users\/2"}],"replies":[{"embeddable":true,"href":"https:\/\/discover-andalusia.com\/fr\/wp-json\/wp\/v2\/comments?post=2323"}],"version-history":[{"count":3,"href":"https:\/\/discover-andalusia.com\/fr\/wp-json\/wp\/v2\/pages\/2323\/revisions"}],"predecessor-version":[{"id":2731,"href":"https:\/\/discover-andalusia.com\/fr\/wp-json\/wp\/v2\/pages\/2323\/revisions\/2731"}],"wp:attachment":[{"href":"https:\/\/discover-andalusia.com\/fr\/wp-json\/wp\/v2\/media?parent=2323"}],"curies":[{"name":"wp","href":"https:\/\/api.w.org\/{rel}","templated":true}]}}