{"id":2328,"date":"2024-08-02T18:56:24","date_gmt":"2024-08-02T18:56:24","guid":{"rendered":"https:\/\/discover-andalusia.com\/?page_id=2328"},"modified":"2024-11-29T19:22:44","modified_gmt":"2024-11-29T19:22:44","slug":"sevilla","status":"publish","type":"page","link":"https:\/\/discover-andalusia.com\/fr\/sevilla\/","title":{"rendered":"S\u00e9ville"},"content":{"rendered":"<div class=\"wp-block-uagb-post-grid uagb-post-grid  uagb-post__image-position-top uagb-post__image-enabled uagb-block-e4b1e199     uagb-post__items uagb-post__columns-2 is-grid uagb-post__columns-tablet-2 uagb-post__columns-mobile-1 uagb-post__equal-height\" data-total=\"1\" style=\"\">\n\n\t\t\t\t\t\t\t\t\t\t\t\t<article class=\"uagb-post__inner-wrap\">\t\t\t\t\t\t\t\t<div class='uagb-post__image'>\n\t\t\t\t\t\t\t\t\t<a href=\"https:\/\/discover-andalusia.com\/fr\/noel-2024-a-seville-quoi-faire\/\" target=\"_self\" rel=\"bookmark noopener noreferrer\" class='uagb-image-ratio-inherit'><img decoding=\"async\" width=\"743\" height=\"1024\" src=\"https:\/\/discover-andalusia.com\/wp-content\/uploads\/2024\/11\/sevilla-in-christmas-743x1024.webp\" class=\"attachment-large size-large\" alt=\"\" srcset=\"https:\/\/discover-andalusia.com\/wp-content\/uploads\/2024\/11\/sevilla-in-christmas-743x1024.webp 743w, https:\/\/discover-andalusia.com\/wp-content\/uploads\/2024\/11\/sevilla-in-christmas-218x300.webp 218w, https:\/\/discover-andalusia.com\/wp-content\/uploads\/2024\/11\/sevilla-in-christmas-768x1058.webp 768w, https:\/\/discover-andalusia.com\/wp-content\/uploads\/2024\/11\/sevilla-in-christmas-1115x1536.webp 1115w, https:\/\/discover-andalusia.com\/wp-content\/uploads\/2024\/11\/sevilla-in-christmas-1486x2048.webp 1486w, https:\/\/discover-andalusia.com\/wp-content\/uploads\/2024\/11\/sevilla-in-christmas-9x12.webp 9w, https:\/\/discover-andalusia.com\/wp-content\/uploads\/2024\/11\/sevilla-in-christmas.webp 1755w\" sizes=\"(max-width: 743px) 100vw, 743px\" \/>\t\t\t\t\t<\/a>\n\t\t\t\t\t\t\t<\/div>\n\t\t\t\t\t\t<h3 class=\"uagb-post__title uagb-post__text\">\n\t\t\t\t<a href=\"https:\/\/discover-andalusia.com\/fr\/noel-2024-a-seville-quoi-faire\/\" target=\"_self\" rel=\"bookmark noopener noreferrer\">Christmas 2025 in Seville, What to do<\/a>\n\t\t\t<\/h3>\n\t\t\t\t\t\t<div class='uagb-post__text uagb-post-grid-byline'>\n\t\t\t\t\t\t\t<\/div>\n\t\t\t\t\t\t\t<div class='uagb-post__text uagb-post__excerpt'>\n\t\t\t\t\t<p>S\u00e9ville, joyau ensoleill\u00e9 du sud de l'Espagne, se transforme en un pays de lumi\u00e8re et de traditions pendant la p\u00e9riode de No\u00ebl. De ses rues enchanteresses orn\u00e9es d'illuminations scintillantes \u00e0 la chaleur de ses coutumes intemporelles, la ville vous invite \u00e0...\t\t\t\t<\/div>\n\t\t\t\t\t\t<div class=\"uagb-post__text uagb-post__cta wp-block-button\">\n\t\t\t\t<a class=\"wp-block-button__link uagb-text-link\" style=\"\" href=\"https:\/\/discover-andalusia.com\/fr\/noel-2024-a-seville-quoi-faire\/\" target=\"_self\" rel=\"bookmark noopener noreferrer\">Lire la suite<\/a>\n\t\t\t<\/div>\n\t\t\t\n\t\t\t\t\t\t\t\t\t<\/article>\n\t\t\t\t\t\t\t\t\t\t\t\t\t\t\t\t<article class=\"uagb-post__inner-wrap\">\t\t\t\t\t\t\t\t<div class='uagb-post__image'>\n\t\t\t\t\t\t\t\t\t<a href=\"https:\/\/discover-andalusia.com\/fr\/les-transports-publics-a-sevilla-tout-est-explique\/\" target=\"_self\" rel=\"bookmark noopener noreferrer\" class='uagb-image-ratio-inherit'><img decoding=\"async\" width=\"1024\" height=\"768\" src=\"https:\/\/discover-andalusia.com\/wp-content\/uploads\/2024\/11\/public-transport-sevilla.webp\" class=\"attachment-large size-large\" alt=\"\" srcset=\"https:\/\/discover-andalusia.com\/wp-content\/uploads\/2024\/11\/public-transport-sevilla.webp 1024w, https:\/\/discover-andalusia.com\/wp-content\/uploads\/2024\/11\/public-transport-sevilla-300x225.webp 300w, https:\/\/discover-andalusia.com\/wp-content\/uploads\/2024\/11\/public-transport-sevilla-768x576.webp 768w, https:\/\/discover-andalusia.com\/wp-content\/uploads\/2024\/11\/public-transport-sevilla-16x12.webp 16w\" sizes=\"(max-width: 1024px) 100vw, 1024px\" \/>\t\t\t\t\t<\/a>\n\t\t\t\t\t\t\t<\/div>\n\t\t\t\t\t\t<h3 class=\"uagb-post__title uagb-post__text\">\n\t\t\t\t<a href=\"https:\/\/discover-andalusia.com\/fr\/les-transports-publics-a-sevilla-tout-est-explique\/\" target=\"_self\" rel=\"bookmark noopener noreferrer\">Transports publics \u00e0 S\u00e9ville : tout est expliqu\u00e9 !<\/a>\n\t\t\t<\/h3>\n\t\t\t\t\t\t<div class='uagb-post__text uagb-post-grid-byline'>\n\t\t\t\t\t\t\t<\/div>\n\t\t\t\t\t\t\t<div class='uagb-post__text uagb-post__excerpt'>\n\t\t\t\t\t<p>Le centre historique de S\u00e9ville est l'un des plus grands d'Europe, ce qui rend les transports publics tr\u00e8s utiles pour atteindre tous les coins de cette belle ville. Dans cet article, nous vous expliquons comment profiter au mieux des transports efficaces de S\u00e9ville...\t\t\t\t<\/div>\n\t\t\t\t\t\t<div class=\"uagb-post__text uagb-post__cta wp-block-button\">\n\t\t\t\t<a class=\"wp-block-button__link uagb-text-link\" style=\"\" href=\"https:\/\/discover-andalusia.com\/fr\/les-transports-publics-a-sevilla-tout-est-explique\/\" target=\"_self\" rel=\"bookmark noopener noreferrer\">Lire la suite<\/a>\n\t\t\t<\/div>\n\t\t\t\n\t\t\t\t\t\t\t\t\t<\/article>\n\t\t\t\t\t\t\t\t\t\t\t\t\t\t\t\t<article class=\"uagb-post__inner-wrap\">\t\t\t\t\t\t\t\t<div class='uagb-post__image'>\n\t\t\t\t\t\t\t\t\t<a href=\"https:\/\/discover-andalusia.com\/fr\/what-to-see-and-do-in-sevilla\/\" target=\"_self\" rel=\"bookmark noopener noreferrer\" class='uagb-image-ratio-inherit'><img decoding=\"async\" width=\"1024\" height=\"684\" src=\"https:\/\/discover-andalusia.com\/wp-content\/uploads\/2024\/10\/sevilla-1024x684.webp\" class=\"attachment-large size-large\" alt=\"\" srcset=\"https:\/\/discover-andalusia.com\/wp-content\/uploads\/2024\/10\/sevilla-1024x684.webp 1024w, https:\/\/discover-andalusia.com\/wp-content\/uploads\/2024\/10\/sevilla-300x200.webp 300w, https:\/\/discover-andalusia.com\/wp-content\/uploads\/2024\/10\/sevilla-768x513.webp 768w, https:\/\/discover-andalusia.com\/wp-content\/uploads\/2024\/10\/sevilla-1536x1025.webp 1536w, https:\/\/discover-andalusia.com\/wp-content\/uploads\/2024\/10\/sevilla-2048x1367.webp 2048w, https:\/\/discover-andalusia.com\/wp-content\/uploads\/2024\/10\/sevilla-18x12.webp 18w\" sizes=\"(max-width: 1024px) 100vw, 1024px\" \/>\t\t\t\t\t<\/a>\n\t\t\t\t\t\t\t<\/div>\n\t\t\t\t\t\t<h3 class=\"uagb-post__title uagb-post__text\">\n\t\t\t\t<a href=\"https:\/\/discover-andalusia.com\/fr\/what-to-see-and-do-in-sevilla\/\" target=\"_self\" rel=\"bookmark noopener noreferrer\">Que voir et que faire \u00e0 S\u00e9ville ?<\/a>\n\t\t\t<\/h3>\n\t\t\t\t\t\t<div class='uagb-post__text uagb-post-grid-byline'>\n\t\t\t\t\t\t\t<\/div>\n\t\t\t\t\t\t\t<div class='uagb-post__text uagb-post__excerpt'>\n\t\t\t\t\t<p>S\u00e9ville, capitale de l'Andalousie, est une ville d\u00e9bordante de vie, d'art et de monuments historiques qui refl\u00e8tent des si\u00e8cles d'histoire et un riche m\u00e9lange culturel. De ses palais majestueux \u00e0 ses quartiers traditionnels, S\u00e9ville a beaucoup \u00e0 offrir \u00e0 ceux qui...\t\t\t\t<\/div>\n\t\t\t\t\t\t<div class=\"uagb-post__text uagb-post__cta wp-block-button\">\n\t\t\t\t<a class=\"wp-block-button__link uagb-text-link\" style=\"\" href=\"https:\/\/discover-andalusia.com\/fr\/what-to-see-and-do-in-sevilla\/\" target=\"_self\" rel=\"bookmark noopener noreferrer\">Lire la suite<\/a>\n\t\t\t<\/div>\n\t\t\t\n\t\t\t\t\t\t\t\t\t<\/article>\n\t\t\t\t\t\t\t\t\t\t\t\t\t\t\t\t<article class=\"uagb-post__inner-wrap\">\t\t\t\t\t\t\t\t<div class='uagb-post__image'>\n\t\t\t\t\t\t\t\t\t<a href=\"https:\/\/discover-andalusia.com\/fr\/les-10-meilleurs-hotels-de-sevilla\/\" target=\"_self\" rel=\"bookmark noopener noreferrer\" class='uagb-image-ratio-inherit'><img decoding=\"async\" width=\"688\" height=\"689\" src=\"https:\/\/discover-andalusia.com\/wp-content\/uploads\/2024\/09\/the-best-hotels-in-sevilla.webp\" class=\"attachment-large size-large\" alt=\"\" srcset=\"https:\/\/discover-andalusia.com\/wp-content\/uploads\/2024\/09\/the-best-hotels-in-sevilla.webp 688w, https:\/\/discover-andalusia.com\/wp-content\/uploads\/2024\/09\/the-best-hotels-in-sevilla-300x300.webp 300w, https:\/\/discover-andalusia.com\/wp-content\/uploads\/2024\/09\/the-best-hotels-in-sevilla-150x150.webp 150w, https:\/\/discover-andalusia.com\/wp-content\/uploads\/2024\/09\/the-best-hotels-in-sevilla-12x12.webp 12w\" sizes=\"(max-width: 688px) 100vw, 688px\" \/>\t\t\t\t\t<\/a>\n\t\t\t\t\t\t\t<\/div>\n\t\t\t\t\t\t<h3 class=\"uagb-post__title uagb-post__text\">\n\t\t\t\t<a href=\"https:\/\/discover-andalusia.com\/fr\/les-10-meilleurs-hotels-de-sevilla\/\" target=\"_self\" rel=\"bookmark noopener noreferrer\">Les 10 meilleurs h\u00f4tels de S\u00e9ville<\/a>\n\t\t\t<\/h3>\n\t\t\t\t\t\t<div class='uagb-post__text uagb-post-grid-byline'>\n\t\t\t\t\t\t\t<\/div>\n\t\t\t\t\t\t\t<div class='uagb-post__text uagb-post__excerpt'>\n\t\t\t\t\t<p>S\u00e9ville, la captivante capitale de la r\u00e9gion andalouse de l'Espagne, attire les visiteurs avec sa culture flamenco vibrante, son architecture historique et sa sc\u00e8ne de tapas anim\u00e9e. Des h\u00f4tels opulents situ\u00e9s dans des b\u00e2timents historiques aux auberges de jeunesse branch\u00e9es qui rassemblent les voyageurs, S\u00e9ville propose un h\u00e9bergement...\t\t\t\t<\/div>\n\t\t\t\t\t\t<div class=\"uagb-post__text uagb-post__cta wp-block-button\">\n\t\t\t\t<a class=\"wp-block-button__link uagb-text-link\" style=\"\" href=\"https:\/\/discover-andalusia.com\/fr\/les-10-meilleurs-hotels-de-sevilla\/\" target=\"_self\" rel=\"bookmark noopener noreferrer\">Lire la suite<\/a>\n\t\t\t<\/div>\n\t\t\t\n\t\t\t\t\t\t\t\t\t<\/article>\n\t\t\t\t\t\t\t\t\t\t\t\t\t\t\t\t<article class=\"uagb-post__inner-wrap\">\t\t\t\t\t\t\t\t<div class='uagb-post__image'>\n\t\t\t\t\t\t\t\t\t<a href=\"https:\/\/discover-andalusia.com\/fr\/les-12-meilleurs-restaurants-de-sevilla\/\" target=\"_self\" rel=\"bookmark noopener noreferrer\" class='uagb-image-ratio-inherit'><img decoding=\"async\" width=\"453\" height=\"451\" src=\"https:\/\/discover-andalusia.com\/wp-content\/uploads\/2024\/08\/best-restaurants-in-sevilla.webp\" class=\"attachment-large size-large\" alt=\"les meilleurs restaurants de sevilla\" srcset=\"https:\/\/discover-andalusia.com\/wp-content\/uploads\/2024\/08\/best-restaurants-in-sevilla.webp 453w, https:\/\/discover-andalusia.com\/wp-content\/uploads\/2024\/08\/best-restaurants-in-sevilla-300x300.webp 300w, https:\/\/discover-andalusia.com\/wp-content\/uploads\/2024\/08\/best-restaurants-in-sevilla-150x150.webp 150w, https:\/\/discover-andalusia.com\/wp-content\/uploads\/2024\/08\/best-restaurants-in-sevilla-12x12.webp 12w\" sizes=\"(max-width: 453px) 100vw, 453px\" \/>\t\t\t\t\t<\/a>\n\t\t\t\t\t\t\t<\/div>\n\t\t\t\t\t\t<h3 class=\"uagb-post__title uagb-post__text\">\n\t\t\t\t<a href=\"https:\/\/discover-andalusia.com\/fr\/les-12-meilleurs-restaurants-de-sevilla\/\" target=\"_self\" rel=\"bookmark noopener noreferrer\">Les 12 meilleurs restaurants de S\u00e9ville<\/a>\n\t\t\t<\/h3>\n\t\t\t\t\t\t<div class='uagb-post__text uagb-post-grid-byline'>\n\t\t\t\t\t\t\t<\/div>\n\t\t\t\t\t\t\t<div class='uagb-post__text uagb-post__excerpt'>\n\t\t\t\t\t<p>Comme toutes les villes d'Espagne, S\u00e9ville offre une exp\u00e9rience gastronomique unique, avec des restaurants allant des bars \u00e0 tapas classiques \u00e0 la saveur andalouse aux restaurants sp\u00e9cialis\u00e9s dans les fruits de mer et le poisson. Dans cet article, nous vous pr\u00e9senterons les meilleurs restaurants...\t\t\t\t<\/div>\n\t\t\t\t\t\t<div class=\"uagb-post__text uagb-post__cta wp-block-button\">\n\t\t\t\t<a class=\"wp-block-button__link uagb-text-link\" style=\"\" href=\"https:\/\/discover-andalusia.com\/fr\/les-12-meilleurs-restaurants-de-sevilla\/\" target=\"_self\" rel=\"bookmark noopener noreferrer\">Lire la suite<\/a>\n\t\t\t<\/div>\n\t\t\t\n\t\t\t\t\t\t\t\t\t<\/article>\n\t\t\t\t\t\t\t\t\t\t\t<\/div>","protected":false},"excerpt":{"rendered":"","protected":false},"author":2,"featured_media":0,"parent":0,"menu_order":0,"comment_status":"closed","ping_status":"closed","template":"","meta":{"_uag_custom_page_level_css":"","site-sidebar-layout":"default","site-content-layout":"","ast-site-content-layout":"default","site-content-style":"default","site-sidebar-style":"default","ast-global-header-display":"","ast-banner-title-visibility":"","ast-main-header-display":"","ast-hfb-above-header-display":"","ast-hfb-below-header-display":"","ast-hfb-mobile-header-display":"","site-post-title":"","ast-breadcrumbs-content":"","ast-featured-img":"","footer-sml-layout":"","theme-transparent-header-meta":"","adv-header-id-meta":"","stick-header-meta":"","header-above-stick-meta":"","header-main-stick-meta":"","header-below-stick-meta":"","astra-migrate-meta-layouts":"set","ast-page-background-enabled":"default","ast-page-background-meta":{"desktop":{"background-color":"","background-image":"","background-repeat":"repeat","background-position":"center center","background-size":"auto","background-attachment":"scroll","background-type":"","background-media":"","overlay-type":"","overlay-color":"","overlay-opacity":"","overlay-gradient":""},"tablet":{"background-color":"","background-image":"","background-repeat":"repeat","background-position":"center center","background-size":"auto","background-attachment":"scroll","background-type":"","background-media":"","overlay-type":"","overlay-color":"","overlay-opacity":"","overlay-gradient":""},"mobile":{"background-color":"","background-image":"","background-repeat":"repeat","background-position":"center center","background-size":"auto","background-attachment":"scroll","background-type":"","background-media":"","overlay-type":"","overlay-color":"","overlay-opacity":"","overlay-gradient":""}},"ast-content-background-meta":{"desktop":{"background-color":"var(--ast-global-color-5)","background-image":"","background-repeat":"repeat","background-position":"center center","background-size":"auto","background-attachment":"scroll","background-type":"","background-media":"","overlay-type":"","overlay-color":"","overlay-opacity":"","overlay-gradient":""},"tablet":{"background-color":"var(--ast-global-color-5)","background-image":"","background-repeat":"repeat","background-position":"center center","background-size":"auto","background-attachment":"scroll","background-type":"","background-media":"","overlay-type":"","overlay-color":"","overlay-opacity":"","overlay-gradient":""},"mobile":{"background-color":"var(--ast-global-color-5)","background-image":"","background-repeat":"repeat","background-position":"center center","background-size":"auto","background-attachment":"scroll","background-type":"","background-media":"","overlay-type":"","overlay-color":"","overlay-opacity":"","overlay-gradient":""}},"footnotes":""},"class_list":["post-2328","page","type-page","status-publish","hentry"],"uagb_featured_image_src":{"full":false,"thumbnail":false,"medium":false,"medium_large":false,"large":false,"1536x1536":false,"2048x2048":false,"trp-custom-language-flag":false},"uagb_author_info":{"display_name":"Pablo","author_link":"https:\/\/discover-andalusia.com\/fr\/author\/pablo\/"},"uagb_comment_info":0,"uagb_excerpt":null,"_links":{"self":[{"href":"https:\/\/discover-andalusia.com\/fr\/wp-json\/wp\/v2\/pages\/2328","targetHints":{"allow":["GET"]}}],"collection":[{"href":"https:\/\/discover-andalusia.com\/fr\/wp-json\/wp\/v2\/pages"}],"about":[{"href":"https:\/\/discover-andalusia.com\/fr\/wp-json\/wp\/v2\/types\/page"}],"author":[{"embeddable":true,"href":"https:\/\/discover-andalusia.com\/fr\/wp-json\/wp\/v2\/users\/2"}],"replies":[{"embeddable":true,"href":"https:\/\/discover-andalusia.com\/fr\/wp-json\/wp\/v2\/comments?post=2328"}],"version-history":[{"count":3,"href":"https:\/\/discover-andalusia.com\/fr\/wp-json\/wp\/v2\/pages\/2328\/revisions"}],"predecessor-version":[{"id":2735,"href":"https:\/\/discover-andalusia.com\/fr\/wp-json\/wp\/v2\/pages\/2328\/revisions\/2735"}],"wp:attachment":[{"href":"https:\/\/discover-andalusia.com\/fr\/wp-json\/wp\/v2\/media?parent=2328"}],"curies":[{"name":"wp","href":"https:\/\/api.w.org\/{rel}","templated":true}]}}