{"id":2248,"date":"2024-08-01T17:19:55","date_gmt":"2024-08-01T17:19:55","guid":{"rendered":"https:\/\/discover-andalusia.com\/?page_id=2248"},"modified":"2024-11-29T19:20:57","modified_gmt":"2024-11-29T19:20:57","slug":"malaga","status":"publish","type":"page","link":"https:\/\/discover-andalusia.com\/nb\/malaga\/","title":{"rendered":"M\u00e1laga"},"content":{"rendered":"<div class=\"wp-block-uagb-post-grid uagb-post-grid  uagb-post__image-position-top uagb-post__image-enabled uagb-block-e4b1e199     uagb-post__items uagb-post__columns-2 is-grid uagb-post__columns-tablet-2 uagb-post__columns-mobile-1 uagb-post__equal-height\" data-total=\"1\" style=\"\">\n\n\t\t\t\t\t\t\t\t\t\t\t\t<article class=\"uagb-post__inner-wrap\">\t\t\t\t\t\t\t\t<div class='uagb-post__image'>\n\t\t\t\t\t\t\t\t\t<a href=\"https:\/\/discover-andalusia.com\/nb\/hva-du-kan-gjore-i-julen-2024-i-malaga\/\" target=\"_self\" rel=\"bookmark noopener noreferrer\" class='uagb-image-ratio-inherit'><img decoding=\"async\" width=\"768\" height=\"1024\" src=\"https:\/\/discover-andalusia.com\/wp-content\/uploads\/2024\/11\/malaga-christmas-lights-768x1024.webp\" class=\"attachment-large size-large\" alt=\"\" srcset=\"https:\/\/discover-andalusia.com\/wp-content\/uploads\/2024\/11\/malaga-christmas-lights-768x1024.webp 768w, https:\/\/discover-andalusia.com\/wp-content\/uploads\/2024\/11\/malaga-christmas-lights-225x300.webp 225w, https:\/\/discover-andalusia.com\/wp-content\/uploads\/2024\/11\/malaga-christmas-lights-1152x1536.webp 1152w, https:\/\/discover-andalusia.com\/wp-content\/uploads\/2024\/11\/malaga-christmas-lights-1536x2048.webp 1536w, https:\/\/discover-andalusia.com\/wp-content\/uploads\/2024\/11\/malaga-christmas-lights-9x12.webp 9w, https:\/\/discover-andalusia.com\/wp-content\/uploads\/2024\/11\/malaga-christmas-lights-scaled.webp 1920w\" sizes=\"(max-width: 768px) 100vw, 768px\" \/>\t\t\t\t\t<\/a>\n\t\t\t\t\t\t\t<\/div>\n\t\t\t\t\t\t<h3 class=\"uagb-post__title uagb-post__text\">\n\t\t\t\t<a href=\"https:\/\/discover-andalusia.com\/nb\/hva-du-kan-gjore-i-julen-2024-i-malaga\/\" target=\"_self\" rel=\"bookmark noopener noreferrer\">What to do for Christmas 2025 in M\u00e1laga<\/a>\n\t\t\t<\/h3>\n\t\t\t\t\t\t<div class='uagb-post__text uagb-post-grid-byline'>\n\t\t\t\t\t\t\t<\/div>\n\t\t\t\t\t\t\t<div class='uagb-post__text uagb-post__excerpt'>\n\t\t\t\t\t<p>M\u00e1laga i julen er en av de mest popul\u00e6re feriedestinasjonene i Europa. Det gode v\u00e6ret \u00e5ret rundt, selv i desember, gir turistene en unik opplevelse i juleferien under middelhavssolen. Her skal jeg vise deg...\t\t\t\t<\/div>\n\t\t\t\t\t\t<div class=\"uagb-post__text uagb-post__cta wp-block-button\">\n\t\t\t\t<a class=\"wp-block-button__link uagb-text-link\" style=\"\" href=\"https:\/\/discover-andalusia.com\/nb\/hva-du-kan-gjore-i-julen-2024-i-malaga\/\" target=\"_self\" rel=\"bookmark noopener noreferrer\">Les mer<\/a>\n\t\t\t<\/div>\n\t\t\t\n\t\t\t\t\t\t\t\t\t<\/article>\n\t\t\t\t\t\t\t\t\t\t\t\t\t\t\t\t<article class=\"uagb-post__inner-wrap\">\t\t\t\t\t\t\t\t<div class='uagb-post__image'>\n\t\t\t\t\t\t\t\t\t<a href=\"https:\/\/discover-andalusia.com\/nb\/offentlig-transport-i-malaga-alt-forklart\/\" target=\"_self\" rel=\"bookmark noopener noreferrer\" class='uagb-image-ratio-inherit'><img decoding=\"async\" width=\"1024\" height=\"591\" src=\"https:\/\/discover-andalusia.com\/wp-content\/uploads\/2024\/11\/public-transport-malaga-1024x591.jpg\" class=\"attachment-large size-large\" alt=\"\" srcset=\"https:\/\/discover-andalusia.com\/wp-content\/uploads\/2024\/11\/public-transport-malaga-1024x591.jpg 1024w, https:\/\/discover-andalusia.com\/wp-content\/uploads\/2024\/11\/public-transport-malaga-300x173.jpg 300w, https:\/\/discover-andalusia.com\/wp-content\/uploads\/2024\/11\/public-transport-malaga-768x443.jpg 768w, https:\/\/discover-andalusia.com\/wp-content\/uploads\/2024\/11\/public-transport-malaga-1536x886.jpg 1536w, https:\/\/discover-andalusia.com\/wp-content\/uploads\/2024\/11\/public-transport-malaga-18x10.jpg 18w, https:\/\/discover-andalusia.com\/wp-content\/uploads\/2024\/11\/public-transport-malaga.jpg 1900w\" sizes=\"(max-width: 1024px) 100vw, 1024px\" \/>\t\t\t\t\t<\/a>\n\t\t\t\t\t\t\t<\/div>\n\t\t\t\t\t\t<h3 class=\"uagb-post__title uagb-post__text\">\n\t\t\t\t<a href=\"https:\/\/discover-andalusia.com\/nb\/offentlig-transport-i-malaga-alt-forklart\/\" target=\"_self\" rel=\"bookmark noopener noreferrer\">Offentlig transport i M\u00e1laga: Alt forklart<\/a>\n\t\t\t<\/h3>\n\t\t\t\t\t\t<div class='uagb-post__text uagb-post-grid-byline'>\n\t\t\t\t\t\t\t<\/div>\n\t\t\t\t\t\t\t<div class='uagb-post__text uagb-post__excerpt'>\n\t\t\t\t\t<p>Det offentlige transportnettet i M\u00e1laga-provinsen er ikke et av de beste i Spania, og det kan v\u00e6re vanskelig \u00e5 forst\u00e5. Siden all informasjon er p\u00e5 spansk og sjelden p\u00e5 engelsk, vil jeg gi deg en...\t\t\t\t<\/div>\n\t\t\t\t\t\t<div class=\"uagb-post__text uagb-post__cta wp-block-button\">\n\t\t\t\t<a class=\"wp-block-button__link uagb-text-link\" style=\"\" href=\"https:\/\/discover-andalusia.com\/nb\/offentlig-transport-i-malaga-alt-forklart\/\" target=\"_self\" rel=\"bookmark noopener noreferrer\">Les mer<\/a>\n\t\t\t<\/div>\n\t\t\t\n\t\t\t\t\t\t\t\t\t<\/article>\n\t\t\t\t\t\t\t\t\t\t\t\t\t\t\t\t<article class=\"uagb-post__inner-wrap\">\t\t\t\t\t\t\t\t<div class='uagb-post__image'>\n\t\t\t\t\t\t\t\t\t<a href=\"https:\/\/discover-andalusia.com\/nb\/hva-du-kan-se-og-gjore-i-malaga\/\" target=\"_self\" rel=\"bookmark noopener noreferrer\" class='uagb-image-ratio-inherit'><img decoding=\"async\" width=\"1024\" height=\"683\" src=\"https:\/\/discover-andalusia.com\/wp-content\/uploads\/2024\/10\/calle-larios-1024x683.webp\" class=\"attachment-large size-large\" alt=\"\" srcset=\"https:\/\/discover-andalusia.com\/wp-content\/uploads\/2024\/10\/calle-larios-1024x683.webp 1024w, https:\/\/discover-andalusia.com\/wp-content\/uploads\/2024\/10\/calle-larios-300x200.webp 300w, https:\/\/discover-andalusia.com\/wp-content\/uploads\/2024\/10\/calle-larios-768x512.webp 768w, https:\/\/discover-andalusia.com\/wp-content\/uploads\/2024\/10\/calle-larios-1536x1024.webp 1536w, https:\/\/discover-andalusia.com\/wp-content\/uploads\/2024\/10\/calle-larios-2048x1365.webp 2048w, https:\/\/discover-andalusia.com\/wp-content\/uploads\/2024\/10\/calle-larios-18x12.webp 18w\" sizes=\"(max-width: 1024px) 100vw, 1024px\" \/>\t\t\t\t\t<\/a>\n\t\t\t\t\t\t\t<\/div>\n\t\t\t\t\t\t<h3 class=\"uagb-post__title uagb-post__text\">\n\t\t\t\t<a href=\"https:\/\/discover-andalusia.com\/nb\/hva-du-kan-se-og-gjore-i-malaga\/\" target=\"_self\" rel=\"bookmark noopener noreferrer\">Hva du kan se og gj\u00f8re i M\u00e1laga<\/a>\n\t\t\t<\/h3>\n\t\t\t\t\t\t<div class='uagb-post__text uagb-post-grid-byline'>\n\t\t\t\t\t\t\t<\/div>\n\t\t\t\t\t\t\t<div class='uagb-post__text uagb-post__excerpt'>\n\t\t\t\t\t<p>M\u00e1laga er en pulserende by p\u00e5 Costa del Sol, som byr p\u00e5 en fascinerende blanding av historie, kultur og natur. Med sitt milde klima og middelhavsatmosf\u00e6re inviterer M\u00e1laga bes\u00f8kende til \u00e5 utforske sine historiske landemerker, museer og naturomr\u00e5der. Fra...\t\t\t\t<\/div>\n\t\t\t\t\t\t<div class=\"uagb-post__text uagb-post__cta wp-block-button\">\n\t\t\t\t<a class=\"wp-block-button__link uagb-text-link\" style=\"\" href=\"https:\/\/discover-andalusia.com\/nb\/hva-du-kan-se-og-gjore-i-malaga\/\" target=\"_self\" rel=\"bookmark noopener noreferrer\">Les mer<\/a>\n\t\t\t<\/div>\n\t\t\t\n\t\t\t\t\t\t\t\t\t<\/article>\n\t\t\t\t\t\t\t\t\t\t\t\t\t\t\t\t<article class=\"uagb-post__inner-wrap\">\t\t\t\t\t\t\t\t<div class='uagb-post__image'>\n\t\t\t\t\t\t\t\t\t<a href=\"https:\/\/discover-andalusia.com\/nb\/the-10-best-hotels-in-malaga\/\" target=\"_self\" rel=\"bookmark noopener noreferrer\" class='uagb-image-ratio-inherit'><img decoding=\"async\" width=\"687\" height=\"687\" src=\"https:\/\/discover-andalusia.com\/wp-content\/uploads\/2024\/09\/the-best-hotels-in-malaga.webp\" class=\"attachment-large size-large\" alt=\"\" srcset=\"https:\/\/discover-andalusia.com\/wp-content\/uploads\/2024\/09\/the-best-hotels-in-malaga.webp 687w, https:\/\/discover-andalusia.com\/wp-content\/uploads\/2024\/09\/the-best-hotels-in-malaga-300x300.webp 300w, https:\/\/discover-andalusia.com\/wp-content\/uploads\/2024\/09\/the-best-hotels-in-malaga-150x150.webp 150w, https:\/\/discover-andalusia.com\/wp-content\/uploads\/2024\/09\/the-best-hotels-in-malaga-12x12.webp 12w\" sizes=\"(max-width: 687px) 100vw, 687px\" \/>\t\t\t\t\t<\/a>\n\t\t\t\t\t\t\t<\/div>\n\t\t\t\t\t\t<h3 class=\"uagb-post__title uagb-post__text\">\n\t\t\t\t<a href=\"https:\/\/discover-andalusia.com\/nb\/the-10-best-hotels-in-malaga\/\" target=\"_self\" rel=\"bookmark noopener noreferrer\">De 10 beste hotellene i M\u00e1laga<\/a>\n\t\t\t<\/h3>\n\t\t\t\t\t\t<div class='uagb-post__text uagb-post-grid-byline'>\n\t\t\t\t\t\t\t<\/div>\n\t\t\t\t\t\t\t<div class='uagb-post__text uagb-post__excerpt'>\n\t\t\t\t\t<p>Malaga, en juvel p\u00e5 Costa del Sol i Spania, tiltrekker seg reisende med sin rike historie, levende kultur og solfylte middelhavsstrender. Fra luksusopphold i historiske landemerker til moderne boutiquehoteller, tilbyr byen en rekke overnattingssteder som...\t\t\t\t<\/div>\n\t\t\t\t\t\t<div class=\"uagb-post__text uagb-post__cta wp-block-button\">\n\t\t\t\t<a class=\"wp-block-button__link uagb-text-link\" style=\"\" href=\"https:\/\/discover-andalusia.com\/nb\/the-10-best-hotels-in-malaga\/\" target=\"_self\" rel=\"bookmark noopener noreferrer\">Les mer<\/a>\n\t\t\t<\/div>\n\t\t\t\n\t\t\t\t\t\t\t\t\t<\/article>\n\t\t\t\t\t\t\t\t\t\t\t\t\t\t\t\t<article class=\"uagb-post__inner-wrap\">\t\t\t\t\t\t\t\t<div class='uagb-post__image'>\n\t\t\t\t\t\t\t\t\t<a href=\"https:\/\/discover-andalusia.com\/nb\/de-12-beste-restaurantene-i-malaga\/\" target=\"_self\" rel=\"bookmark noopener noreferrer\" class='uagb-image-ratio-inherit'><img decoding=\"async\" width=\"687\" height=\"689\" src=\"https:\/\/discover-andalusia.com\/wp-content\/uploads\/2024\/08\/the-best-restaurants-in-malaga.webp\" class=\"attachment-large size-large\" alt=\"\" srcset=\"https:\/\/discover-andalusia.com\/wp-content\/uploads\/2024\/08\/the-best-restaurants-in-malaga.webp 687w, https:\/\/discover-andalusia.com\/wp-content\/uploads\/2024\/08\/the-best-restaurants-in-malaga-300x300.webp 300w, https:\/\/discover-andalusia.com\/wp-content\/uploads\/2024\/08\/the-best-restaurants-in-malaga-150x150.webp 150w, https:\/\/discover-andalusia.com\/wp-content\/uploads\/2024\/08\/the-best-restaurants-in-malaga-12x12.webp 12w\" sizes=\"(max-width: 687px) 100vw, 687px\" \/>\t\t\t\t\t<\/a>\n\t\t\t\t\t\t\t<\/div>\n\t\t\t\t\t\t<h3 class=\"uagb-post__title uagb-post__text\">\n\t\t\t\t<a href=\"https:\/\/discover-andalusia.com\/nb\/de-12-beste-restaurantene-i-malaga\/\" target=\"_self\" rel=\"bookmark noopener noreferrer\">The 12 best Restaurants in M\u00e1laga 2025<\/a>\n\t\t\t<\/h3>\n\t\t\t\t\t\t<div class='uagb-post__text uagb-post-grid-byline'>\n\t\t\t\t\t\t\t<\/div>\n\t\t\t\t\t\t\t<div class='uagb-post__text uagb-post__excerpt'>\n\t\t\t\t\t<p>Under bes\u00f8ket i M\u00e1laga vil du gjerne bes\u00f8ke en av de mange restaurantene. M\u00e1laga er kjent for sin ferske fisk og sj\u00f8mat og for sitt andalusiske middelhavskj\u00f8kken. Vi har gjort et utvalg av de...\t\t\t\t<\/div>\n\t\t\t\t\t\t<div class=\"uagb-post__text uagb-post__cta wp-block-button\">\n\t\t\t\t<a class=\"wp-block-button__link uagb-text-link\" style=\"\" href=\"https:\/\/discover-andalusia.com\/nb\/de-12-beste-restaurantene-i-malaga\/\" target=\"_self\" rel=\"bookmark noopener noreferrer\">Les mer<\/a>\n\t\t\t<\/div>\n\t\t\t\n\t\t\t\t\t\t\t\t\t<\/article>\n\t\t\t\t\t\t\t\t\t\t\t<\/div>","protected":false},"excerpt":{"rendered":"","protected":false},"author":2,"featured_media":0,"parent":0,"menu_order":0,"comment_status":"closed","ping_status":"closed","template":"","meta":{"_uag_custom_page_level_css":"","site-sidebar-layout":"default","site-content-layout":"","ast-site-content-layout":"default","site-content-style":"default","site-sidebar-style":"default","ast-global-header-display":"","ast-banner-title-visibility":"","ast-main-header-display":"","ast-hfb-above-header-display":"","ast-hfb-below-header-display":"","ast-hfb-mobile-header-display":"","site-post-title":"","ast-breadcrumbs-content":"","ast-featured-img":"","footer-sml-layout":"","theme-transparent-header-meta":"","adv-header-id-meta":"","stick-header-meta":"","header-above-stick-meta":"","header-main-stick-meta":"","header-below-stick-meta":"","astra-migrate-meta-layouts":"set","ast-page-background-enabled":"default","ast-page-background-meta":{"desktop":{"background-color":"","background-image":"","background-repeat":"repeat","background-position":"center center","background-size":"auto","background-attachment":"scroll","background-type":"","background-media":"","overlay-type":"","overlay-color":"","overlay-opacity":"","overlay-gradient":""},"tablet":{"background-color":"","background-image":"","background-repeat":"repeat","background-position":"center center","background-size":"auto","background-attachment":"scroll","background-type":"","background-media":"","overlay-type":"","overlay-color":"","overlay-opacity":"","overlay-gradient":""},"mobile":{"background-color":"","background-image":"","background-repeat":"repeat","background-position":"center center","background-size":"auto","background-attachment":"scroll","background-type":"","background-media":"","overlay-type":"","overlay-color":"","overlay-opacity":"","overlay-gradient":""}},"ast-content-background-meta":{"desktop":{"background-color":"var(--ast-global-color-5)","background-image":"","background-repeat":"repeat","background-position":"center center","background-size":"auto","background-attachment":"scroll","background-type":"","background-media":"","overlay-type":"","overlay-color":"","overlay-opacity":"","overlay-gradient":""},"tablet":{"background-color":"var(--ast-global-color-5)","background-image":"","background-repeat":"repeat","background-position":"center center","background-size":"auto","background-attachment":"scroll","background-type":"","background-media":"","overlay-type":"","overlay-color":"","overlay-opacity":"","overlay-gradient":""},"mobile":{"background-color":"var(--ast-global-color-5)","background-image":"","background-repeat":"repeat","background-position":"center center","background-size":"auto","background-attachment":"scroll","background-type":"","background-media":"","overlay-type":"","overlay-color":"","overlay-opacity":"","overlay-gradient":""}},"footnotes":""},"class_list":["post-2248","page","type-page","status-publish","hentry"],"uagb_featured_image_src":{"full":false,"thumbnail":false,"medium":false,"medium_large":false,"large":false,"1536x1536":false,"2048x2048":false,"trp-custom-language-flag":false},"uagb_author_info":{"display_name":"Pablo","author_link":"https:\/\/discover-andalusia.com\/nb\/author\/pablo\/"},"uagb_comment_info":0,"uagb_excerpt":null,"_links":{"self":[{"href":"https:\/\/discover-andalusia.com\/nb\/wp-json\/wp\/v2\/pages\/2248","targetHints":{"allow":["GET"]}}],"collection":[{"href":"https:\/\/discover-andalusia.com\/nb\/wp-json\/wp\/v2\/pages"}],"about":[{"href":"https:\/\/discover-andalusia.com\/nb\/wp-json\/wp\/v2\/types\/page"}],"author":[{"embeddable":true,"href":"https:\/\/discover-andalusia.com\/nb\/wp-json\/wp\/v2\/users\/2"}],"replies":[{"embeddable":true,"href":"https:\/\/discover-andalusia.com\/nb\/wp-json\/wp\/v2\/comments?post=2248"}],"version-history":[{"count":3,"href":"https:\/\/discover-andalusia.com\/nb\/wp-json\/wp\/v2\/pages\/2248\/revisions"}],"predecessor-version":[{"id":2732,"href":"https:\/\/discover-andalusia.com\/nb\/wp-json\/wp\/v2\/pages\/2248\/revisions\/2732"}],"wp:attachment":[{"href":"https:\/\/discover-andalusia.com\/nb\/wp-json\/wp\/v2\/media?parent=2248"}],"curies":[{"name":"wp","href":"https:\/\/api.w.org\/{rel}","templated":true}]}}