{"id":2283,"date":"2024-08-01T17:54:52","date_gmt":"2024-08-01T17:54:52","guid":{"rendered":"https:\/\/discover-andalusia.com\/?page_id=2283"},"modified":"2024-11-29T19:22:11","modified_gmt":"2024-11-29T19:22:11","slug":"places","status":"publish","type":"page","link":"https:\/\/discover-andalusia.com\/nb\/steder\/","title":{"rendered":"Steder"},"content":{"rendered":"<div class=\"wp-block-uagb-post-grid uagb-post-grid  uagb-post__image-position-top uagb-post__image-enabled uagb-block-e4b1e199     uagb-post__items uagb-post__columns-2 is-grid uagb-post__columns-tablet-2 uagb-post__columns-mobile-1 uagb-post__equal-height\" data-total=\"3\" style=\"\">\n\n\t\t\t\t\t\t\t\t\t\t\t\t<article class=\"uagb-post__inner-wrap\">\t\t\t\t\t\t\t\t<div class='uagb-post__image'>\n\t\t\t\t\t\t\t\t\t<a href=\"https:\/\/discover-andalusia.com\/nb\/cordoba-in-christmas\/\" target=\"_self\" rel=\"bookmark noopener noreferrer\" class='uagb-image-ratio-inherit'><img decoding=\"async\" width=\"1024\" height=\"430\" src=\"https:\/\/discover-andalusia.com\/wp-content\/uploads\/2024\/12\/cordoba-christmas-lights-1024x430.webp\" class=\"attachment-large size-large\" alt=\"\" srcset=\"https:\/\/discover-andalusia.com\/wp-content\/uploads\/2024\/12\/cordoba-christmas-lights-1024x430.webp 1024w, https:\/\/discover-andalusia.com\/wp-content\/uploads\/2024\/12\/cordoba-christmas-lights-300x126.webp 300w, https:\/\/discover-andalusia.com\/wp-content\/uploads\/2024\/12\/cordoba-christmas-lights-768x323.webp 768w, https:\/\/discover-andalusia.com\/wp-content\/uploads\/2024\/12\/cordoba-christmas-lights-1536x645.webp 1536w, https:\/\/discover-andalusia.com\/wp-content\/uploads\/2024\/12\/cordoba-christmas-lights-18x8.webp 18w, https:\/\/discover-andalusia.com\/wp-content\/uploads\/2024\/12\/cordoba-christmas-lights.webp 2000w\" sizes=\"(max-width: 1024px) 100vw, 1024px\" \/>\t\t\t\t\t<\/a>\n\t\t\t\t\t\t\t<\/div>\n\t\t\t\t\t\t<h3 class=\"uagb-post__title uagb-post__text\">\n\t\t\t\t<a href=\"https:\/\/discover-andalusia.com\/nb\/cordoba-in-christmas\/\" target=\"_self\" rel=\"bookmark noopener noreferrer\">C\u00f3rdoba in Christmas 2025<\/a>\n\t\t\t<\/h3>\n\t\t\t\t\t\t<div class='uagb-post__text uagb-post-grid-byline'>\n\t\t\t\t\t\t\t<\/div>\n\t\t\t\t\t\t\t<div class='uagb-post__text uagb-post__excerpt'>\n\t\t\t\t\t<p>C\u00f3rdoba forvandles til et festlig eventyrland i h\u00f8ytiden, og byr p\u00e5 en rik blanding av tradisjon, kultur og underholdning for alle. Fra blendende lysdekorasjoner og livlige parader til musikalske opptredener og familievennlige aktiviteter - byen kommer til live med...\t\t\t\t<\/div>\n\t\t\t\t\t\t<div class=\"uagb-post__text uagb-post__cta wp-block-button\">\n\t\t\t\t<a class=\"wp-block-button__link uagb-text-link\" style=\"\" href=\"https:\/\/discover-andalusia.com\/nb\/cordoba-in-christmas\/\" target=\"_self\" rel=\"bookmark noopener noreferrer\">Les mer<\/a>\n\t\t\t<\/div>\n\t\t\t\n\t\t\t\t\t\t\t\t\t<\/article>\n\t\t\t\t\t\t\t\t\t\t\t\t\t\t\t\t<article class=\"uagb-post__inner-wrap\">\t\t\t\t\t\t\t\t<div class='uagb-post__image'>\n\t\t\t\t\t\t\t\t\t<a href=\"https:\/\/discover-andalusia.com\/nb\/christmas-2024-in-granada-tips-and-advice-about-what-to-do\/\" target=\"_self\" rel=\"bookmark noopener noreferrer\" class='uagb-image-ratio-inherit'><img decoding=\"async\" width=\"1024\" height=\"768\" src=\"https:\/\/discover-andalusia.com\/wp-content\/uploads\/2024\/12\/granada-christmas-1024x768.webp\" class=\"attachment-large size-large\" alt=\"\" srcset=\"https:\/\/discover-andalusia.com\/wp-content\/uploads\/2024\/12\/granada-christmas-1024x768.webp 1024w, https:\/\/discover-andalusia.com\/wp-content\/uploads\/2024\/12\/granada-christmas-300x225.webp 300w, https:\/\/discover-andalusia.com\/wp-content\/uploads\/2024\/12\/granada-christmas-768x576.webp 768w, https:\/\/discover-andalusia.com\/wp-content\/uploads\/2024\/12\/granada-christmas-1536x1152.webp 1536w, https:\/\/discover-andalusia.com\/wp-content\/uploads\/2024\/12\/granada-christmas-16x12.webp 16w, https:\/\/discover-andalusia.com\/wp-content\/uploads\/2024\/12\/granada-christmas.webp 2048w\" sizes=\"(max-width: 1024px) 100vw, 1024px\" \/>\t\t\t\t\t<\/a>\n\t\t\t\t\t\t\t<\/div>\n\t\t\t\t\t\t<h3 class=\"uagb-post__title uagb-post__text\">\n\t\t\t\t<a href=\"https:\/\/discover-andalusia.com\/nb\/christmas-2024-in-granada-tips-and-advice-about-what-to-do\/\" target=\"_self\" rel=\"bookmark noopener noreferrer\">Christmas 2025 in Granada, tips and advice about what to do<\/a>\n\t\t\t<\/h3>\n\t\t\t\t\t\t<div class='uagb-post__text uagb-post-grid-byline'>\n\t\t\t\t\t\t\t<\/div>\n\t\t\t\t\t\t\t<div class='uagb-post__text uagb-post__excerpt'>\n\t\t\t\t\t<p>Granada forvandles til et dr\u00f8mmeaktig sted i julen, og byr p\u00e5 en uforglemmelig opplevelse for b\u00e5de bes\u00f8kende og fastboende. Gatene lyser opp i et blendende lysspill, julesangene runger i hvert hj\u00f8rne, og de symbolske torgene kommer til sin rett...\t\t\t\t<\/div>\n\t\t\t\t\t\t<div class=\"uagb-post__text uagb-post__cta wp-block-button\">\n\t\t\t\t<a class=\"wp-block-button__link uagb-text-link\" style=\"\" href=\"https:\/\/discover-andalusia.com\/nb\/christmas-2024-in-granada-tips-and-advice-about-what-to-do\/\" target=\"_self\" rel=\"bookmark noopener noreferrer\">Les mer<\/a>\n\t\t\t<\/div>\n\t\t\t\n\t\t\t\t\t\t\t\t\t<\/article>\n\t\t\t\t\t\t\t\t\t\t\t\t\t\t\t\t<article class=\"uagb-post__inner-wrap\">\t\t\t\t\t\t\t\t<div class='uagb-post__image'>\n\t\t\t\t\t\t\t\t\t<a href=\"https:\/\/discover-andalusia.com\/nb\/hva-du-kan-gjore-i-julen-2024-i-malaga\/\" target=\"_self\" rel=\"bookmark noopener noreferrer\" class='uagb-image-ratio-inherit'><img decoding=\"async\" width=\"768\" height=\"1024\" src=\"https:\/\/discover-andalusia.com\/wp-content\/uploads\/2024\/11\/malaga-christmas-lights-768x1024.webp\" class=\"attachment-large size-large\" alt=\"\" srcset=\"https:\/\/discover-andalusia.com\/wp-content\/uploads\/2024\/11\/malaga-christmas-lights-768x1024.webp 768w, https:\/\/discover-andalusia.com\/wp-content\/uploads\/2024\/11\/malaga-christmas-lights-225x300.webp 225w, https:\/\/discover-andalusia.com\/wp-content\/uploads\/2024\/11\/malaga-christmas-lights-1152x1536.webp 1152w, https:\/\/discover-andalusia.com\/wp-content\/uploads\/2024\/11\/malaga-christmas-lights-1536x2048.webp 1536w, https:\/\/discover-andalusia.com\/wp-content\/uploads\/2024\/11\/malaga-christmas-lights-9x12.webp 9w, https:\/\/discover-andalusia.com\/wp-content\/uploads\/2024\/11\/malaga-christmas-lights-scaled.webp 1920w\" sizes=\"(max-width: 768px) 100vw, 768px\" \/>\t\t\t\t\t<\/a>\n\t\t\t\t\t\t\t<\/div>\n\t\t\t\t\t\t<h3 class=\"uagb-post__title uagb-post__text\">\n\t\t\t\t<a href=\"https:\/\/discover-andalusia.com\/nb\/hva-du-kan-gjore-i-julen-2024-i-malaga\/\" target=\"_self\" rel=\"bookmark noopener noreferrer\">What to do for Christmas 2025 in M\u00e1laga<\/a>\n\t\t\t<\/h3>\n\t\t\t\t\t\t<div class='uagb-post__text uagb-post-grid-byline'>\n\t\t\t\t\t\t\t<\/div>\n\t\t\t\t\t\t\t<div class='uagb-post__text uagb-post__excerpt'>\n\t\t\t\t\t<p>M\u00e1laga i julen er en av de mest popul\u00e6re feriedestinasjonene i Europa. Det gode v\u00e6ret \u00e5ret rundt, selv i desember, gir turistene en unik opplevelse i juleferien under middelhavssolen. Her skal jeg vise deg...\t\t\t\t<\/div>\n\t\t\t\t\t\t<div class=\"uagb-post__text uagb-post__cta wp-block-button\">\n\t\t\t\t<a class=\"wp-block-button__link uagb-text-link\" style=\"\" href=\"https:\/\/discover-andalusia.com\/nb\/hva-du-kan-gjore-i-julen-2024-i-malaga\/\" target=\"_self\" rel=\"bookmark noopener noreferrer\">Les mer<\/a>\n\t\t\t<\/div>\n\t\t\t\n\t\t\t\t\t\t\t\t\t<\/article>\n\t\t\t\t\t\t\t\t\t\t\t\t\t\t\t\t<article class=\"uagb-post__inner-wrap\">\t\t\t\t\t\t\t\t<div class='uagb-post__image'>\n\t\t\t\t\t\t\t\t\t<a href=\"https:\/\/discover-andalusia.com\/nb\/julen-2024-i-sevilla-hva-du-kan-gjore\/\" target=\"_self\" rel=\"bookmark noopener noreferrer\" class='uagb-image-ratio-inherit'><img decoding=\"async\" width=\"743\" height=\"1024\" src=\"https:\/\/discover-andalusia.com\/wp-content\/uploads\/2024\/11\/sevilla-in-christmas-743x1024.webp\" class=\"attachment-large size-large\" alt=\"\" srcset=\"https:\/\/discover-andalusia.com\/wp-content\/uploads\/2024\/11\/sevilla-in-christmas-743x1024.webp 743w, https:\/\/discover-andalusia.com\/wp-content\/uploads\/2024\/11\/sevilla-in-christmas-218x300.webp 218w, https:\/\/discover-andalusia.com\/wp-content\/uploads\/2024\/11\/sevilla-in-christmas-768x1058.webp 768w, https:\/\/discover-andalusia.com\/wp-content\/uploads\/2024\/11\/sevilla-in-christmas-1115x1536.webp 1115w, https:\/\/discover-andalusia.com\/wp-content\/uploads\/2024\/11\/sevilla-in-christmas-1486x2048.webp 1486w, https:\/\/discover-andalusia.com\/wp-content\/uploads\/2024\/11\/sevilla-in-christmas-9x12.webp 9w, https:\/\/discover-andalusia.com\/wp-content\/uploads\/2024\/11\/sevilla-in-christmas.webp 1755w\" sizes=\"(max-width: 743px) 100vw, 743px\" \/>\t\t\t\t\t<\/a>\n\t\t\t\t\t\t\t<\/div>\n\t\t\t\t\t\t<h3 class=\"uagb-post__title uagb-post__text\">\n\t\t\t\t<a href=\"https:\/\/discover-andalusia.com\/nb\/julen-2024-i-sevilla-hva-du-kan-gjore\/\" target=\"_self\" rel=\"bookmark noopener noreferrer\">Christmas 2025 in Seville, What to do<\/a>\n\t\t\t<\/h3>\n\t\t\t\t\t\t<div class='uagb-post__text uagb-post-grid-byline'>\n\t\t\t\t\t\t\t<\/div>\n\t\t\t\t\t\t\t<div class='uagb-post__text uagb-post__excerpt'>\n\t\t\t\t\t<p>Sevilla, den solkyssede perlen i S\u00f8r-Spania, forvandles til et eventyrland av lys og tradisjoner i julesesongen. Fra de fortryllende gatene som er utsmykket med blinkende belysning til varmen fra de tidl\u00f8se skikkene, inviterer byen deg til \u00e5...\t\t\t\t<\/div>\n\t\t\t\t\t\t<div class=\"uagb-post__text uagb-post__cta wp-block-button\">\n\t\t\t\t<a class=\"wp-block-button__link uagb-text-link\" style=\"\" href=\"https:\/\/discover-andalusia.com\/nb\/julen-2024-i-sevilla-hva-du-kan-gjore\/\" target=\"_self\" rel=\"bookmark noopener noreferrer\">Les mer<\/a>\n\t\t\t<\/div>\n\t\t\t\n\t\t\t\t\t\t\t\t\t<\/article>\n\t\t\t\t\t\t\t\t\t\t\t\t\t\t\t\t<article class=\"uagb-post__inner-wrap\">\t\t\t\t\t\t\t\t<div class='uagb-post__image'>\n\t\t\t\t\t\t\t\t\t<a href=\"https:\/\/discover-andalusia.com\/nb\/offentlig-transport-i-malaga-alt-forklart\/\" target=\"_self\" rel=\"bookmark noopener noreferrer\" class='uagb-image-ratio-inherit'><img decoding=\"async\" width=\"1024\" height=\"591\" src=\"https:\/\/discover-andalusia.com\/wp-content\/uploads\/2024\/11\/public-transport-malaga-1024x591.jpg\" class=\"attachment-large size-large\" alt=\"\" srcset=\"https:\/\/discover-andalusia.com\/wp-content\/uploads\/2024\/11\/public-transport-malaga-1024x591.jpg 1024w, https:\/\/discover-andalusia.com\/wp-content\/uploads\/2024\/11\/public-transport-malaga-300x173.jpg 300w, https:\/\/discover-andalusia.com\/wp-content\/uploads\/2024\/11\/public-transport-malaga-768x443.jpg 768w, https:\/\/discover-andalusia.com\/wp-content\/uploads\/2024\/11\/public-transport-malaga-1536x886.jpg 1536w, https:\/\/discover-andalusia.com\/wp-content\/uploads\/2024\/11\/public-transport-malaga-18x10.jpg 18w, https:\/\/discover-andalusia.com\/wp-content\/uploads\/2024\/11\/public-transport-malaga.jpg 1900w\" sizes=\"(max-width: 1024px) 100vw, 1024px\" \/>\t\t\t\t\t<\/a>\n\t\t\t\t\t\t\t<\/div>\n\t\t\t\t\t\t<h3 class=\"uagb-post__title uagb-post__text\">\n\t\t\t\t<a href=\"https:\/\/discover-andalusia.com\/nb\/offentlig-transport-i-malaga-alt-forklart\/\" target=\"_self\" rel=\"bookmark noopener noreferrer\">Offentlig transport i M\u00e1laga: Alt forklart<\/a>\n\t\t\t<\/h3>\n\t\t\t\t\t\t<div class='uagb-post__text uagb-post-grid-byline'>\n\t\t\t\t\t\t\t<\/div>\n\t\t\t\t\t\t\t<div class='uagb-post__text uagb-post__excerpt'>\n\t\t\t\t\t<p>Det offentlige transportnettet i M\u00e1laga-provinsen er ikke et av de beste i Spania, og det kan v\u00e6re vanskelig \u00e5 forst\u00e5. Siden all informasjon er p\u00e5 spansk og sjelden p\u00e5 engelsk, vil jeg gi deg en...\t\t\t\t<\/div>\n\t\t\t\t\t\t<div class=\"uagb-post__text uagb-post__cta wp-block-button\">\n\t\t\t\t<a class=\"wp-block-button__link uagb-text-link\" style=\"\" href=\"https:\/\/discover-andalusia.com\/nb\/offentlig-transport-i-malaga-alt-forklart\/\" target=\"_self\" rel=\"bookmark noopener noreferrer\">Les mer<\/a>\n\t\t\t<\/div>\n\t\t\t\n\t\t\t\t\t\t\t\t\t<\/article>\n\t\t\t\t\t\t\t\t\t\t\t\t\t\t\t\t<article class=\"uagb-post__inner-wrap\">\t\t\t\t\t\t\t\t<div class='uagb-post__image'>\n\t\t\t\t\t\t\t\t\t<a href=\"https:\/\/discover-andalusia.com\/nb\/offentlig-transport-i-cordoba-alt-du-trenger\/\" target=\"_self\" rel=\"bookmark noopener noreferrer\" class='uagb-image-ratio-inherit'><img decoding=\"async\" width=\"1024\" height=\"576\" src=\"https:\/\/discover-andalusia.com\/wp-content\/uploads\/2024\/11\/public-transport-cordoba-1024x576.webp\" class=\"attachment-large size-large\" alt=\"\" srcset=\"https:\/\/discover-andalusia.com\/wp-content\/uploads\/2024\/11\/public-transport-cordoba-1024x576.webp 1024w, https:\/\/discover-andalusia.com\/wp-content\/uploads\/2024\/11\/public-transport-cordoba-300x169.webp 300w, https:\/\/discover-andalusia.com\/wp-content\/uploads\/2024\/11\/public-transport-cordoba-768x432.webp 768w, https:\/\/discover-andalusia.com\/wp-content\/uploads\/2024\/11\/public-transport-cordoba-18x10.webp 18w, https:\/\/discover-andalusia.com\/wp-content\/uploads\/2024\/11\/public-transport-cordoba.webp 1200w\" sizes=\"(max-width: 1024px) 100vw, 1024px\" \/>\t\t\t\t\t<\/a>\n\t\t\t\t\t\t\t<\/div>\n\t\t\t\t\t\t<h3 class=\"uagb-post__title uagb-post__text\">\n\t\t\t\t<a href=\"https:\/\/discover-andalusia.com\/nb\/offentlig-transport-i-cordoba-alt-du-trenger\/\" target=\"_self\" rel=\"bookmark noopener noreferrer\">Kollektivtransport i C\u00f3rdoba: alt du trenger!<\/a>\n\t\t\t<\/h3>\n\t\t\t\t\t\t<div class='uagb-post__text uagb-post-grid-byline'>\n\t\t\t\t\t\t\t<\/div>\n\t\t\t\t\t\t\t<div class='uagb-post__text uagb-post__excerpt'>\n\t\t\t\t\t<p>Under bes\u00f8ket ditt i C\u00f3rdoba kan det v\u00e6re n\u00f8dvendig \u00e5 bruke offentlig transport, enten fordi overnattingsstedet ditt ligger litt langt fra det historiske sentrum eller fordi du har problemer med \u00e5 bevege deg. Siden offentlig transport noen ganger kan v\u00e6re forvirrende...\t\t\t\t<\/div>\n\t\t\t\t\t\t<div class=\"uagb-post__text uagb-post__cta wp-block-button\">\n\t\t\t\t<a class=\"wp-block-button__link uagb-text-link\" style=\"\" href=\"https:\/\/discover-andalusia.com\/nb\/offentlig-transport-i-cordoba-alt-du-trenger\/\" target=\"_self\" rel=\"bookmark noopener noreferrer\">Les mer<\/a>\n\t\t\t<\/div>\n\t\t\t\n\t\t\t\t\t\t\t\t\t<\/article>\n\t\t\t\t\t\t\t\t\t\t\t\t\t\t\t\t<article class=\"uagb-post__inner-wrap\">\t\t\t\t\t\t\t\t<div class='uagb-post__image'>\n\t\t\t\t\t\t\t\t\t<a href=\"https:\/\/discover-andalusia.com\/nb\/kollektivtransport-i-granada-alt-du-trenger-a-vite\/\" target=\"_self\" rel=\"bookmark noopener noreferrer\" class='uagb-image-ratio-inherit'><img decoding=\"async\" width=\"1024\" height=\"768\" src=\"https:\/\/discover-andalusia.com\/wp-content\/uploads\/2024\/11\/public-transport-granada-1024x768.webp\" class=\"attachment-large size-large\" alt=\"\" srcset=\"https:\/\/discover-andalusia.com\/wp-content\/uploads\/2024\/11\/public-transport-granada-1024x768.webp 1024w, https:\/\/discover-andalusia.com\/wp-content\/uploads\/2024\/11\/public-transport-granada-300x225.webp 300w, https:\/\/discover-andalusia.com\/wp-content\/uploads\/2024\/11\/public-transport-granada-768x576.webp 768w, https:\/\/discover-andalusia.com\/wp-content\/uploads\/2024\/11\/public-transport-granada-16x12.webp 16w, https:\/\/discover-andalusia.com\/wp-content\/uploads\/2024\/11\/public-transport-granada.webp 1280w\" sizes=\"(max-width: 1024px) 100vw, 1024px\" \/>\t\t\t\t\t<\/a>\n\t\t\t\t\t\t\t<\/div>\n\t\t\t\t\t\t<h3 class=\"uagb-post__title uagb-post__text\">\n\t\t\t\t<a href=\"https:\/\/discover-andalusia.com\/nb\/kollektivtransport-i-granada-alt-du-trenger-a-vite\/\" target=\"_self\" rel=\"bookmark noopener noreferrer\">Kollektivtransport i Granada: alt du trenger \u00e5 vite!<\/a>\n\t\t\t<\/h3>\n\t\t\t\t\t\t<div class='uagb-post__text uagb-post-grid-byline'>\n\t\t\t\t\t\t\t<\/div>\n\t\t\t\t\t\t\t<div class='uagb-post__text uagb-post__excerpt'>\n\t\t\t\t\t<p>Selv om Granadas historiske sentrum bare kan utforskes til fots, er byens offentlige transportnettverk sv\u00e6rt nyttig og kan ta deg til fjernere steder hvis du trenger det, for eksempel til sentralstasjonen for \u00e5 ta et h\u00f8yhastighetstog...\t\t\t\t<\/div>\n\t\t\t\t\t\t<div class=\"uagb-post__text uagb-post__cta wp-block-button\">\n\t\t\t\t<a class=\"wp-block-button__link uagb-text-link\" style=\"\" href=\"https:\/\/discover-andalusia.com\/nb\/kollektivtransport-i-granada-alt-du-trenger-a-vite\/\" target=\"_self\" rel=\"bookmark noopener noreferrer\">Les mer<\/a>\n\t\t\t<\/div>\n\t\t\t\n\t\t\t\t\t\t\t\t\t<\/article>\n\t\t\t\t\t\t\t\t\t\t\t\t\t\t\t\t<article class=\"uagb-post__inner-wrap\">\t\t\t\t\t\t\t\t<div class='uagb-post__image'>\n\t\t\t\t\t\t\t\t\t<a href=\"https:\/\/discover-andalusia.com\/nb\/offentlig-transport-i-sevilla-alt-forklart\/\" target=\"_self\" rel=\"bookmark noopener noreferrer\" class='uagb-image-ratio-inherit'><img decoding=\"async\" width=\"1024\" height=\"768\" src=\"https:\/\/discover-andalusia.com\/wp-content\/uploads\/2024\/11\/public-transport-sevilla.webp\" class=\"attachment-large size-large\" alt=\"\" srcset=\"https:\/\/discover-andalusia.com\/wp-content\/uploads\/2024\/11\/public-transport-sevilla.webp 1024w, https:\/\/discover-andalusia.com\/wp-content\/uploads\/2024\/11\/public-transport-sevilla-300x225.webp 300w, https:\/\/discover-andalusia.com\/wp-content\/uploads\/2024\/11\/public-transport-sevilla-768x576.webp 768w, https:\/\/discover-andalusia.com\/wp-content\/uploads\/2024\/11\/public-transport-sevilla-16x12.webp 16w\" sizes=\"(max-width: 1024px) 100vw, 1024px\" \/>\t\t\t\t\t<\/a>\n\t\t\t\t\t\t\t<\/div>\n\t\t\t\t\t\t<h3 class=\"uagb-post__title uagb-post__text\">\n\t\t\t\t<a href=\"https:\/\/discover-andalusia.com\/nb\/offentlig-transport-i-sevilla-alt-forklart\/\" target=\"_self\" rel=\"bookmark noopener noreferrer\">Offentlig transport i Sevilla: Alt forklart!<\/a>\n\t\t\t<\/h3>\n\t\t\t\t\t\t<div class='uagb-post__text uagb-post-grid-byline'>\n\t\t\t\t\t\t\t<\/div>\n\t\t\t\t\t\t\t<div class='uagb-post__text uagb-post__excerpt'>\n\t\t\t\t\t<p>Det historiske sentrum av Sevilla er et av de st\u00f8rste i Europa, noe som gj\u00f8r offentlig transport sv\u00e6rt nyttig for \u00e5 n\u00e5 alle hj\u00f8rner av denne vakre byen. I denne artikkelen forklarer vi hvordan du kan f\u00e5 mest mulig ut av Sevillas effektive...\t\t\t\t<\/div>\n\t\t\t\t\t\t<div class=\"uagb-post__text uagb-post__cta wp-block-button\">\n\t\t\t\t<a class=\"wp-block-button__link uagb-text-link\" style=\"\" href=\"https:\/\/discover-andalusia.com\/nb\/offentlig-transport-i-sevilla-alt-forklart\/\" target=\"_self\" rel=\"bookmark noopener noreferrer\">Les mer<\/a>\n\t\t\t<\/div>\n\t\t\t\n\t\t\t\t\t\t\t\t\t<\/article>\n\t\t\t\t\t\t\t\t\t\t\t\t\t\t\t\t<article class=\"uagb-post__inner-wrap\">\t\t\t\t\t\t\t\t<div class='uagb-post__image'>\n\t\t\t\t\t\t\t\t\t<a href=\"https:\/\/discover-andalusia.com\/nb\/what-to-do-and-see-in-granada\/\" target=\"_self\" rel=\"bookmark noopener noreferrer\" class='uagb-image-ratio-inherit'><img decoding=\"async\" width=\"1024\" height=\"683\" src=\"https:\/\/discover-andalusia.com\/wp-content\/uploads\/2024\/10\/granada-1024x683.webp\" class=\"attachment-large size-large\" alt=\"\" srcset=\"https:\/\/discover-andalusia.com\/wp-content\/uploads\/2024\/10\/granada-1024x683.webp 1024w, https:\/\/discover-andalusia.com\/wp-content\/uploads\/2024\/10\/granada-300x200.webp 300w, https:\/\/discover-andalusia.com\/wp-content\/uploads\/2024\/10\/granada-768x512.webp 768w, https:\/\/discover-andalusia.com\/wp-content\/uploads\/2024\/10\/granada-1536x1024.webp 1536w, https:\/\/discover-andalusia.com\/wp-content\/uploads\/2024\/10\/granada-2048x1365.webp 2048w, https:\/\/discover-andalusia.com\/wp-content\/uploads\/2024\/10\/granada-18x12.webp 18w\" sizes=\"(max-width: 1024px) 100vw, 1024px\" \/>\t\t\t\t\t<\/a>\n\t\t\t\t\t\t\t<\/div>\n\t\t\t\t\t\t<h3 class=\"uagb-post__title uagb-post__text\">\n\t\t\t\t<a href=\"https:\/\/discover-andalusia.com\/nb\/what-to-do-and-see-in-granada\/\" target=\"_self\" rel=\"bookmark noopener noreferrer\">Hva du kan gj\u00f8re og se i Granada<\/a>\n\t\t\t<\/h3>\n\t\t\t\t\t\t<div class='uagb-post__text uagb-post-grid-byline'>\n\t\t\t\t\t\t\t<\/div>\n\t\t\t\t\t\t\t<div class='uagb-post__text uagb-post__excerpt'>\n\t\t\t\t\t<p>Granada er en av Spanias mest fengslende byer, rik p\u00e5 historie, kultur og skj\u00f8nnhet. Granada ligger ved foten av Sierra Nevada og er dypt p\u00e5virket av den muslimske kulturen, og byens historiske sentrum, monumenter og gamle nabolag byr p\u00e5 en...\t\t\t\t<\/div>\n\t\t\t\t\t\t<div class=\"uagb-post__text uagb-post__cta wp-block-button\">\n\t\t\t\t<a class=\"wp-block-button__link uagb-text-link\" style=\"\" href=\"https:\/\/discover-andalusia.com\/nb\/what-to-do-and-see-in-granada\/\" target=\"_self\" rel=\"bookmark noopener noreferrer\">Les mer<\/a>\n\t\t\t<\/div>\n\t\t\t\n\t\t\t\t\t\t\t\t\t<\/article>\n\t\t\t\t\t\t\t\t\t\t\t\t\t\t\t\t<article class=\"uagb-post__inner-wrap\">\t\t\t\t\t\t\t\t<div class='uagb-post__image'>\n\t\t\t\t\t\t\t\t\t<a href=\"https:\/\/discover-andalusia.com\/nb\/what-to-do-and-see-in-cordoba\/\" target=\"_self\" rel=\"bookmark noopener noreferrer\" class='uagb-image-ratio-inherit'><img decoding=\"async\" width=\"1024\" height=\"683\" src=\"https:\/\/discover-andalusia.com\/wp-content\/uploads\/2024\/10\/cordoba-1024x683.webp\" class=\"attachment-large size-large\" alt=\"\" srcset=\"https:\/\/discover-andalusia.com\/wp-content\/uploads\/2024\/10\/cordoba-1024x683.webp 1024w, https:\/\/discover-andalusia.com\/wp-content\/uploads\/2024\/10\/cordoba-300x200.webp 300w, https:\/\/discover-andalusia.com\/wp-content\/uploads\/2024\/10\/cordoba-768x512.webp 768w, https:\/\/discover-andalusia.com\/wp-content\/uploads\/2024\/10\/cordoba-1536x1024.webp 1536w, https:\/\/discover-andalusia.com\/wp-content\/uploads\/2024\/10\/cordoba-2048x1365.webp 2048w, https:\/\/discover-andalusia.com\/wp-content\/uploads\/2024\/10\/cordoba-18x12.webp 18w\" sizes=\"(max-width: 1024px) 100vw, 1024px\" \/>\t\t\t\t\t<\/a>\n\t\t\t\t\t\t\t<\/div>\n\t\t\t\t\t\t<h3 class=\"uagb-post__title uagb-post__text\">\n\t\t\t\t<a href=\"https:\/\/discover-andalusia.com\/nb\/what-to-do-and-see-in-cordoba\/\" target=\"_self\" rel=\"bookmark noopener noreferrer\">Hva du kan gj\u00f8re og se i C\u00f3rdoba<\/a>\n\t\t\t<\/h3>\n\t\t\t\t\t\t<div class='uagb-post__text uagb-post-grid-byline'>\n\t\t\t\t\t\t\t<\/div>\n\t\t\t\t\t\t\t<div class='uagb-post__text uagb-post__excerpt'>\n\t\t\t\t\t<p>C\u00f3rdoba er en by full av sjarm og historisk arv, kjent for sin imponerende blanding av kulturer og arkitektoniske stiler. Denne andalusiske byen, som st\u00e5r p\u00e5 UNESCOs verdensarvliste, tilbyr bes\u00f8kende en reise gjennom historien med sine monumenter, torg og...\t\t\t\t<\/div>\n\t\t\t\t\t\t<div class=\"uagb-post__text uagb-post__cta wp-block-button\">\n\t\t\t\t<a class=\"wp-block-button__link uagb-text-link\" style=\"\" href=\"https:\/\/discover-andalusia.com\/nb\/what-to-do-and-see-in-cordoba\/\" target=\"_self\" rel=\"bookmark noopener noreferrer\">Les mer<\/a>\n\t\t\t<\/div>\n\t\t\t\n\t\t\t\t\t\t\t\t\t<\/article>\n\t\t\t\t\t\t\t\t\t\t\t<\/div>","protected":false},"excerpt":{"rendered":"","protected":false},"author":2,"featured_media":0,"parent":0,"menu_order":0,"comment_status":"closed","ping_status":"closed","template":"","meta":{"_uag_custom_page_level_css":"","site-sidebar-layout":"default","site-content-layout":"","ast-site-content-layout":"default","site-content-style":"default","site-sidebar-style":"default","ast-global-header-display":"","ast-banner-title-visibility":"","ast-main-header-display":"","ast-hfb-above-header-display":"","ast-hfb-below-header-display":"","ast-hfb-mobile-header-display":"","site-post-title":"","ast-breadcrumbs-content":"","ast-featured-img":"","footer-sml-layout":"","theme-transparent-header-meta":"","adv-header-id-meta":"","stick-header-meta":"","header-above-stick-meta":"","header-main-stick-meta":"","header-below-stick-meta":"","astra-migrate-meta-layouts":"set","ast-page-background-enabled":"default","ast-page-background-meta":{"desktop":{"background-color":"","background-image":"","background-repeat":"repeat","background-position":"center center","background-size":"auto","background-attachment":"scroll","background-type":"","background-media":"","overlay-type":"","overlay-color":"","overlay-opacity":"","overlay-gradient":""},"tablet":{"background-color":"","background-image":"","background-repeat":"repeat","background-position":"center center","background-size":"auto","background-attachment":"scroll","background-type":"","background-media":"","overlay-type":"","overlay-color":"","overlay-opacity":"","overlay-gradient":""},"mobile":{"background-color":"","background-image":"","background-repeat":"repeat","background-position":"center center","background-size":"auto","background-attachment":"scroll","background-type":"","background-media":"","overlay-type":"","overlay-color":"","overlay-opacity":"","overlay-gradient":""}},"ast-content-background-meta":{"desktop":{"background-color":"var(--ast-global-color-5)","background-image":"","background-repeat":"repeat","background-position":"center center","background-size":"auto","background-attachment":"scroll","background-type":"","background-media":"","overlay-type":"","overlay-color":"","overlay-opacity":"","overlay-gradient":""},"tablet":{"background-color":"var(--ast-global-color-5)","background-image":"","background-repeat":"repeat","background-position":"center center","background-size":"auto","background-attachment":"scroll","background-type":"","background-media":"","overlay-type":"","overlay-color":"","overlay-opacity":"","overlay-gradient":""},"mobile":{"background-color":"var(--ast-global-color-5)","background-image":"","background-repeat":"repeat","background-position":"center center","background-size":"auto","background-attachment":"scroll","background-type":"","background-media":"","overlay-type":"","overlay-color":"","overlay-opacity":"","overlay-gradient":""}},"footnotes":""},"class_list":["post-2283","page","type-page","status-publish","hentry"],"uagb_featured_image_src":{"full":false,"thumbnail":false,"medium":false,"medium_large":false,"large":false,"1536x1536":false,"2048x2048":false,"trp-custom-language-flag":false},"uagb_author_info":{"display_name":"Pablo","author_link":"https:\/\/discover-andalusia.com\/nb\/author\/pablo\/"},"uagb_comment_info":0,"uagb_excerpt":null,"_links":{"self":[{"href":"https:\/\/discover-andalusia.com\/nb\/wp-json\/wp\/v2\/pages\/2283","targetHints":{"allow":["GET"]}}],"collection":[{"href":"https:\/\/discover-andalusia.com\/nb\/wp-json\/wp\/v2\/pages"}],"about":[{"href":"https:\/\/discover-andalusia.com\/nb\/wp-json\/wp\/v2\/types\/page"}],"author":[{"embeddable":true,"href":"https:\/\/discover-andalusia.com\/nb\/wp-json\/wp\/v2\/users\/2"}],"replies":[{"embeddable":true,"href":"https:\/\/discover-andalusia.com\/nb\/wp-json\/wp\/v2\/comments?post=2283"}],"version-history":[{"count":3,"href":"https:\/\/discover-andalusia.com\/nb\/wp-json\/wp\/v2\/pages\/2283\/revisions"}],"predecessor-version":[{"id":2734,"href":"https:\/\/discover-andalusia.com\/nb\/wp-json\/wp\/v2\/pages\/2283\/revisions\/2734"}],"wp:attachment":[{"href":"https:\/\/discover-andalusia.com\/nb\/wp-json\/wp\/v2\/media?parent=2283"}],"curies":[{"name":"wp","href":"https:\/\/api.w.org\/{rel}","templated":true}]}}