{"id":2277,"date":"2024-08-01T17:53:16","date_gmt":"2024-08-01T17:53:16","guid":{"rendered":"https:\/\/discover-andalusia.com\/?page_id=2277"},"modified":"2024-11-29T19:23:08","modified_gmt":"2024-11-29T19:23:08","slug":"travel","status":"publish","type":"page","link":"https:\/\/discover-andalusia.com\/pl\/podroz\/","title":{"rendered":"Podr\u00f3\u017ce"},"content":{"rendered":"<div class=\"wp-block-uagb-post-grid uagb-post-grid  uagb-post__image-position-top uagb-post__image-enabled uagb-block-e4b1e199     uagb-post__items uagb-post__columns-2 is-grid uagb-post__columns-tablet-2 uagb-post__columns-mobile-1 uagb-post__equal-height\" data-total=\"1\" style=\"\">\n\n\t\t\t\t\t\t\t\t\t\t\t\t<article class=\"uagb-post__inner-wrap\">\t\t\t\t\t\t\t\t<div class='uagb-post__image'>\n\t\t\t\t\t\t\t\t\t<a href=\"https:\/\/discover-andalusia.com\/pl\/transport-publiczny-w-maladze-wszystko-wyjasnione\/\" target=\"_self\" rel=\"bookmark noopener noreferrer\" class='uagb-image-ratio-inherit'><img decoding=\"async\" width=\"1024\" height=\"591\" src=\"https:\/\/discover-andalusia.com\/wp-content\/uploads\/2024\/11\/public-transport-malaga-1024x591.jpg\" class=\"attachment-large size-large\" alt=\"\" srcset=\"https:\/\/discover-andalusia.com\/wp-content\/uploads\/2024\/11\/public-transport-malaga-1024x591.jpg 1024w, https:\/\/discover-andalusia.com\/wp-content\/uploads\/2024\/11\/public-transport-malaga-300x173.jpg 300w, https:\/\/discover-andalusia.com\/wp-content\/uploads\/2024\/11\/public-transport-malaga-768x443.jpg 768w, https:\/\/discover-andalusia.com\/wp-content\/uploads\/2024\/11\/public-transport-malaga-1536x886.jpg 1536w, https:\/\/discover-andalusia.com\/wp-content\/uploads\/2024\/11\/public-transport-malaga-18x10.jpg 18w, https:\/\/discover-andalusia.com\/wp-content\/uploads\/2024\/11\/public-transport-malaga.jpg 1900w\" sizes=\"(max-width: 1024px) 100vw, 1024px\" \/>\t\t\t\t\t<\/a>\n\t\t\t\t\t\t\t<\/div>\n\t\t\t\t\t\t<h3 class=\"uagb-post__title uagb-post__text\">\n\t\t\t\t<a href=\"https:\/\/discover-andalusia.com\/pl\/transport-publiczny-w-maladze-wszystko-wyjasnione\/\" target=\"_self\" rel=\"bookmark noopener noreferrer\">Transport publiczny w Maladze: wszystko wyja\u015bnione<\/a>\n\t\t\t<\/h3>\n\t\t\t\t\t\t<div class='uagb-post__text uagb-post-grid-byline'>\n\t\t\t\t\t\t\t<\/div>\n\t\t\t\t\t\t\t<div class='uagb-post__text uagb-post__excerpt'>\n\t\t\t\t\t<p>Sie\u0107 transportu publicznego w prowincji Malaga nie nale\u017cy do najlepszych w Hiszpanii i mo\u017ce by\u0107 trudna do zrozumienia. Poniewa\u017c wszystkie informacje s\u0105 w j\u0119zyku hiszpa\u0144skim i rzadko w j\u0119zyku angielskim, zostawi\u0119 ci\u0119 z...\t\t\t\t<\/div>\n\t\t\t\t\t\t<div class=\"uagb-post__text uagb-post__cta wp-block-button\">\n\t\t\t\t<a class=\"wp-block-button__link uagb-text-link\" style=\"\" href=\"https:\/\/discover-andalusia.com\/pl\/transport-publiczny-w-maladze-wszystko-wyjasnione\/\" target=\"_self\" rel=\"bookmark noopener noreferrer\">Dowiedz si\u0119 wi\u0119cej<\/a>\n\t\t\t<\/div>\n\t\t\t\n\t\t\t\t\t\t\t\t\t<\/article>\n\t\t\t\t\t\t\t\t\t\t\t\t\t\t\t\t<article class=\"uagb-post__inner-wrap\">\t\t\t\t\t\t\t\t<div class='uagb-post__image'>\n\t\t\t\t\t\t\t\t\t<a href=\"https:\/\/discover-andalusia.com\/pl\/transport-publiczny-w-cordobie-wszystko-czego-potrzebujesz\/\" target=\"_self\" rel=\"bookmark noopener noreferrer\" class='uagb-image-ratio-inherit'><img decoding=\"async\" width=\"1024\" height=\"576\" src=\"https:\/\/discover-andalusia.com\/wp-content\/uploads\/2024\/11\/public-transport-cordoba-1024x576.webp\" class=\"attachment-large size-large\" alt=\"\" srcset=\"https:\/\/discover-andalusia.com\/wp-content\/uploads\/2024\/11\/public-transport-cordoba-1024x576.webp 1024w, https:\/\/discover-andalusia.com\/wp-content\/uploads\/2024\/11\/public-transport-cordoba-300x169.webp 300w, https:\/\/discover-andalusia.com\/wp-content\/uploads\/2024\/11\/public-transport-cordoba-768x432.webp 768w, https:\/\/discover-andalusia.com\/wp-content\/uploads\/2024\/11\/public-transport-cordoba-18x10.webp 18w, https:\/\/discover-andalusia.com\/wp-content\/uploads\/2024\/11\/public-transport-cordoba.webp 1200w\" sizes=\"(max-width: 1024px) 100vw, 1024px\" \/>\t\t\t\t\t<\/a>\n\t\t\t\t\t\t\t<\/div>\n\t\t\t\t\t\t<h3 class=\"uagb-post__title uagb-post__text\">\n\t\t\t\t<a href=\"https:\/\/discover-andalusia.com\/pl\/transport-publiczny-w-cordobie-wszystko-czego-potrzebujesz\/\" target=\"_self\" rel=\"bookmark noopener noreferrer\">Transport publiczny w Kordobie: wszystko, czego potrzebujesz!<\/a>\n\t\t\t<\/h3>\n\t\t\t\t\t\t<div class='uagb-post__text uagb-post-grid-byline'>\n\t\t\t\t\t\t\t<\/div>\n\t\t\t\t\t\t\t<div class='uagb-post__text uagb-post__excerpt'>\n\t\t\t\t\t<p>Podczas wizyty w Kordobie mo\u017ce okaza\u0107 si\u0119 konieczne skorzystanie z transportu publicznego, poniewa\u017c miejsce zakwaterowania znajduje si\u0119 nieco daleko od historycznego centrum lub z powodu problem\u00f3w z poruszaniem si\u0119. Poniewa\u017c transport publiczny mo\u017ce by\u0107 czasami myl\u0105cy podczas...\t\t\t\t<\/div>\n\t\t\t\t\t\t<div class=\"uagb-post__text uagb-post__cta wp-block-button\">\n\t\t\t\t<a class=\"wp-block-button__link uagb-text-link\" style=\"\" href=\"https:\/\/discover-andalusia.com\/pl\/transport-publiczny-w-cordobie-wszystko-czego-potrzebujesz\/\" target=\"_self\" rel=\"bookmark noopener noreferrer\">Dowiedz si\u0119 wi\u0119cej<\/a>\n\t\t\t<\/div>\n\t\t\t\n\t\t\t\t\t\t\t\t\t<\/article>\n\t\t\t\t\t\t\t\t\t\t\t\t\t\t\t\t<article class=\"uagb-post__inner-wrap\">\t\t\t\t\t\t\t\t<div class='uagb-post__image'>\n\t\t\t\t\t\t\t\t\t<a href=\"https:\/\/discover-andalusia.com\/pl\/transport-publiczny-w-granadzie-wszystko-co-musisz-wiedziec\/\" target=\"_self\" rel=\"bookmark noopener noreferrer\" class='uagb-image-ratio-inherit'><img decoding=\"async\" width=\"1024\" height=\"768\" src=\"https:\/\/discover-andalusia.com\/wp-content\/uploads\/2024\/11\/public-transport-granada-1024x768.webp\" class=\"attachment-large size-large\" alt=\"\" srcset=\"https:\/\/discover-andalusia.com\/wp-content\/uploads\/2024\/11\/public-transport-granada-1024x768.webp 1024w, https:\/\/discover-andalusia.com\/wp-content\/uploads\/2024\/11\/public-transport-granada-300x225.webp 300w, https:\/\/discover-andalusia.com\/wp-content\/uploads\/2024\/11\/public-transport-granada-768x576.webp 768w, https:\/\/discover-andalusia.com\/wp-content\/uploads\/2024\/11\/public-transport-granada-16x12.webp 16w, https:\/\/discover-andalusia.com\/wp-content\/uploads\/2024\/11\/public-transport-granada.webp 1280w\" sizes=\"(max-width: 1024px) 100vw, 1024px\" \/>\t\t\t\t\t<\/a>\n\t\t\t\t\t\t\t<\/div>\n\t\t\t\t\t\t<h3 class=\"uagb-post__title uagb-post__text\">\n\t\t\t\t<a href=\"https:\/\/discover-andalusia.com\/pl\/transport-publiczny-w-granadzie-wszystko-co-musisz-wiedziec\/\" target=\"_self\" rel=\"bookmark noopener noreferrer\">Transport publiczny w Granadzie: wszystko, co musisz wiedzie\u0107!<\/a>\n\t\t\t<\/h3>\n\t\t\t\t\t\t<div class='uagb-post__text uagb-post-grid-byline'>\n\t\t\t\t\t\t\t<\/div>\n\t\t\t\t\t\t\t<div class='uagb-post__text uagb-post__excerpt'>\n\t\t\t\t\t<p>Chocia\u017c historyczne centrum Granady mo\u017cna zwiedza\u0107 tylko pieszo, sie\u0107 transportu publicznego w mie\u015bcie jest bardzo przydatna i w razie potrzeby mo\u017ce zabra\u0107 Ci\u0119 do bardziej odleg\u0142ych miejsc, takich jak g\u0142\u00f3wny dworzec kolejowy, aby z\u0142apa\u0107 szybki poci\u0105g ...\t\t\t\t<\/div>\n\t\t\t\t\t\t<div class=\"uagb-post__text uagb-post__cta wp-block-button\">\n\t\t\t\t<a class=\"wp-block-button__link uagb-text-link\" style=\"\" href=\"https:\/\/discover-andalusia.com\/pl\/transport-publiczny-w-granadzie-wszystko-co-musisz-wiedziec\/\" target=\"_self\" rel=\"bookmark noopener noreferrer\">Dowiedz si\u0119 wi\u0119cej<\/a>\n\t\t\t<\/div>\n\t\t\t\n\t\t\t\t\t\t\t\t\t<\/article>\n\t\t\t\t\t\t\t\t\t\t\t\t\t\t\t\t<article class=\"uagb-post__inner-wrap\">\t\t\t\t\t\t\t\t<div class='uagb-post__image'>\n\t\t\t\t\t\t\t\t\t<a href=\"https:\/\/discover-andalusia.com\/pl\/transport-publiczny-w-sewilli-wszystko-wyjasnione\/\" target=\"_self\" rel=\"bookmark noopener noreferrer\" class='uagb-image-ratio-inherit'><img decoding=\"async\" width=\"1024\" height=\"768\" src=\"https:\/\/discover-andalusia.com\/wp-content\/uploads\/2024\/11\/public-transport-sevilla.webp\" class=\"attachment-large size-large\" alt=\"\" srcset=\"https:\/\/discover-andalusia.com\/wp-content\/uploads\/2024\/11\/public-transport-sevilla.webp 1024w, https:\/\/discover-andalusia.com\/wp-content\/uploads\/2024\/11\/public-transport-sevilla-300x225.webp 300w, https:\/\/discover-andalusia.com\/wp-content\/uploads\/2024\/11\/public-transport-sevilla-768x576.webp 768w, https:\/\/discover-andalusia.com\/wp-content\/uploads\/2024\/11\/public-transport-sevilla-16x12.webp 16w\" sizes=\"(max-width: 1024px) 100vw, 1024px\" \/>\t\t\t\t\t<\/a>\n\t\t\t\t\t\t\t<\/div>\n\t\t\t\t\t\t<h3 class=\"uagb-post__title uagb-post__text\">\n\t\t\t\t<a href=\"https:\/\/discover-andalusia.com\/pl\/transport-publiczny-w-sewilli-wszystko-wyjasnione\/\" target=\"_self\" rel=\"bookmark noopener noreferrer\">Transport publiczny w Sewilli: wszystko wyja\u015bnione!<\/a>\n\t\t\t<\/h3>\n\t\t\t\t\t\t<div class='uagb-post__text uagb-post-grid-byline'>\n\t\t\t\t\t\t\t<\/div>\n\t\t\t\t\t\t\t<div class='uagb-post__text uagb-post__excerpt'>\n\t\t\t\t\t<p>Historyczne centrum Sewilli jest jednym z najwi\u0119kszych w Europie, dzi\u0119ki czemu transport publiczny jest bardzo przydatny, aby dotrze\u0107 do ka\u017cdego zak\u0105tka tego pi\u0119knego miasta. W tym artykule wyja\u015bniamy, jak najlepiej wykorzysta\u0107 wydajny transport w Sewilli...\t\t\t\t<\/div>\n\t\t\t\t\t\t<div class=\"uagb-post__text uagb-post__cta wp-block-button\">\n\t\t\t\t<a class=\"wp-block-button__link uagb-text-link\" style=\"\" href=\"https:\/\/discover-andalusia.com\/pl\/transport-publiczny-w-sewilli-wszystko-wyjasnione\/\" target=\"_self\" rel=\"bookmark noopener noreferrer\">Dowiedz si\u0119 wi\u0119cej<\/a>\n\t\t\t<\/div>\n\t\t\t\n\t\t\t\t\t\t\t\t\t<\/article>\n\t\t\t\t\t\t\t\t\t\t\t<\/div>","protected":false},"excerpt":{"rendered":"","protected":false},"author":2,"featured_media":0,"parent":0,"menu_order":0,"comment_status":"closed","ping_status":"closed","template":"","meta":{"_uag_custom_page_level_css":"","site-sidebar-layout":"default","site-content-layout":"","ast-site-content-layout":"default","site-content-style":"default","site-sidebar-style":"default","ast-global-header-display":"","ast-banner-title-visibility":"","ast-main-header-display":"","ast-hfb-above-header-display":"","ast-hfb-below-header-display":"","ast-hfb-mobile-header-display":"","site-post-title":"","ast-breadcrumbs-content":"","ast-featured-img":"","footer-sml-layout":"","theme-transparent-header-meta":"","adv-header-id-meta":"","stick-header-meta":"","header-above-stick-meta":"","header-main-stick-meta":"","header-below-stick-meta":"","astra-migrate-meta-layouts":"set","ast-page-background-enabled":"default","ast-page-background-meta":{"desktop":{"background-color":"","background-image":"","background-repeat":"repeat","background-position":"center center","background-size":"auto","background-attachment":"scroll","background-type":"","background-media":"","overlay-type":"","overlay-color":"","overlay-opacity":"","overlay-gradient":""},"tablet":{"background-color":"","background-image":"","background-repeat":"repeat","background-position":"center center","background-size":"auto","background-attachment":"scroll","background-type":"","background-media":"","overlay-type":"","overlay-color":"","overlay-opacity":"","overlay-gradient":""},"mobile":{"background-color":"","background-image":"","background-repeat":"repeat","background-position":"center center","background-size":"auto","background-attachment":"scroll","background-type":"","background-media":"","overlay-type":"","overlay-color":"","overlay-opacity":"","overlay-gradient":""}},"ast-content-background-meta":{"desktop":{"background-color":"var(--ast-global-color-5)","background-image":"","background-repeat":"repeat","background-position":"center center","background-size":"auto","background-attachment":"scroll","background-type":"","background-media":"","overlay-type":"","overlay-color":"","overlay-opacity":"","overlay-gradient":""},"tablet":{"background-color":"var(--ast-global-color-5)","background-image":"","background-repeat":"repeat","background-position":"center center","background-size":"auto","background-attachment":"scroll","background-type":"","background-media":"","overlay-type":"","overlay-color":"","overlay-opacity":"","overlay-gradient":""},"mobile":{"background-color":"var(--ast-global-color-5)","background-image":"","background-repeat":"repeat","background-position":"center center","background-size":"auto","background-attachment":"scroll","background-type":"","background-media":"","overlay-type":"","overlay-color":"","overlay-opacity":"","overlay-gradient":""}},"footnotes":""},"class_list":["post-2277","page","type-page","status-publish","hentry"],"uagb_featured_image_src":{"full":false,"thumbnail":false,"medium":false,"medium_large":false,"large":false,"1536x1536":false,"2048x2048":false,"trp-custom-language-flag":false},"uagb_author_info":{"display_name":"Pablo","author_link":"https:\/\/discover-andalusia.com\/pl\/author\/pablo\/"},"uagb_comment_info":0,"uagb_excerpt":null,"_links":{"self":[{"href":"https:\/\/discover-andalusia.com\/pl\/wp-json\/wp\/v2\/pages\/2277","targetHints":{"allow":["GET"]}}],"collection":[{"href":"https:\/\/discover-andalusia.com\/pl\/wp-json\/wp\/v2\/pages"}],"about":[{"href":"https:\/\/discover-andalusia.com\/pl\/wp-json\/wp\/v2\/types\/page"}],"author":[{"embeddable":true,"href":"https:\/\/discover-andalusia.com\/pl\/wp-json\/wp\/v2\/users\/2"}],"replies":[{"embeddable":true,"href":"https:\/\/discover-andalusia.com\/pl\/wp-json\/wp\/v2\/comments?post=2277"}],"version-history":[{"count":3,"href":"https:\/\/discover-andalusia.com\/pl\/wp-json\/wp\/v2\/pages\/2277\/revisions"}],"predecessor-version":[{"id":2736,"href":"https:\/\/discover-andalusia.com\/pl\/wp-json\/wp\/v2\/pages\/2277\/revisions\/2736"}],"wp:attachment":[{"href":"https:\/\/discover-andalusia.com\/pl\/wp-json\/wp\/v2\/media?parent=2277"}],"curies":[{"name":"wp","href":"https:\/\/api.w.org\/{rel}","templated":true}]}}