{"id":2330,"date":"2024-08-02T18:56:36","date_gmt":"2024-08-02T18:56:36","guid":{"rendered":"https:\/\/discover-andalusia.com\/?page_id=2330"},"modified":"2024-11-29T19:17:07","modified_gmt":"2024-11-29T19:17:07","slug":"cordoba","status":"publish","type":"page","link":"https:\/\/discover-andalusia.com\/pl\/cordoba\/","title":{"rendered":"Kordoba"},"content":{"rendered":"<div class=\"wp-block-uagb-post-grid uagb-post-grid  uagb-post__image-position-top uagb-post__image-enabled uagb-block-e4b1e199     uagb-post__items uagb-post__columns-2 is-grid uagb-post__columns-tablet-2 uagb-post__columns-mobile-1 uagb-post__equal-height\" data-total=\"1\" style=\"\">\n\n\t\t\t\t\t\t\t\t\t\t\t\t<article class=\"uagb-post__inner-wrap\">\t\t\t\t\t\t\t\t<div class='uagb-post__image'>\n\t\t\t\t\t\t\t\t\t<a href=\"https:\/\/discover-andalusia.com\/pl\/cordoba-in-christmas\/\" target=\"_self\" rel=\"bookmark noopener noreferrer\" class='uagb-image-ratio-inherit'><img decoding=\"async\" width=\"1024\" height=\"430\" src=\"https:\/\/discover-andalusia.com\/wp-content\/uploads\/2024\/12\/cordoba-christmas-lights-1024x430.webp\" class=\"attachment-large size-large\" alt=\"\" srcset=\"https:\/\/discover-andalusia.com\/wp-content\/uploads\/2024\/12\/cordoba-christmas-lights-1024x430.webp 1024w, https:\/\/discover-andalusia.com\/wp-content\/uploads\/2024\/12\/cordoba-christmas-lights-300x126.webp 300w, https:\/\/discover-andalusia.com\/wp-content\/uploads\/2024\/12\/cordoba-christmas-lights-768x323.webp 768w, https:\/\/discover-andalusia.com\/wp-content\/uploads\/2024\/12\/cordoba-christmas-lights-1536x645.webp 1536w, https:\/\/discover-andalusia.com\/wp-content\/uploads\/2024\/12\/cordoba-christmas-lights-18x8.webp 18w, https:\/\/discover-andalusia.com\/wp-content\/uploads\/2024\/12\/cordoba-christmas-lights.webp 2000w\" sizes=\"(max-width: 1024px) 100vw, 1024px\" \/>\t\t\t\t\t<\/a>\n\t\t\t\t\t\t\t<\/div>\n\t\t\t\t\t\t<h3 class=\"uagb-post__title uagb-post__text\">\n\t\t\t\t<a href=\"https:\/\/discover-andalusia.com\/pl\/cordoba-in-christmas\/\" target=\"_self\" rel=\"bookmark noopener noreferrer\">C\u00f3rdoba in Christmas 2025<\/a>\n\t\t\t<\/h3>\n\t\t\t\t\t\t<div class='uagb-post__text uagb-post-grid-byline'>\n\t\t\t\t\t\t\t<\/div>\n\t\t\t\t\t\t\t<div class='uagb-post__text uagb-post__excerpt'>\n\t\t\t\t\t<p>Kordoba przekszta\u0142ca si\u0119 w \u015bwi\u0105teczn\u0105 krain\u0119 czar\u00f3w w okresie \u015bwi\u0105tecznym, oferuj\u0105c bogat\u0105 mieszank\u0119 tradycji, kultury i rozrywki dla ka\u017cdego. Od ol\u015bniewaj\u0105cych pokaz\u00f3w \u015bwietlnych i t\u0119tni\u0105cych \u017cyciem parad po wyst\u0119py muzyczne i zaj\u0119cia przyjazne rodzinom, miasto o\u017cywa z...\t\t\t\t<\/div>\n\t\t\t\t\t\t<div class=\"uagb-post__text uagb-post__cta wp-block-button\">\n\t\t\t\t<a class=\"wp-block-button__link uagb-text-link\" style=\"\" href=\"https:\/\/discover-andalusia.com\/pl\/cordoba-in-christmas\/\" target=\"_self\" rel=\"bookmark noopener noreferrer\">Dowiedz si\u0119 wi\u0119cej<\/a>\n\t\t\t<\/div>\n\t\t\t\n\t\t\t\t\t\t\t\t\t<\/article>\n\t\t\t\t\t\t\t\t\t\t\t\t\t\t\t\t<article class=\"uagb-post__inner-wrap\">\t\t\t\t\t\t\t\t<div class='uagb-post__image'>\n\t\t\t\t\t\t\t\t\t<a href=\"https:\/\/discover-andalusia.com\/pl\/transport-publiczny-w-cordobie-wszystko-czego-potrzebujesz\/\" target=\"_self\" rel=\"bookmark noopener noreferrer\" class='uagb-image-ratio-inherit'><img decoding=\"async\" width=\"1024\" height=\"576\" src=\"https:\/\/discover-andalusia.com\/wp-content\/uploads\/2024\/11\/public-transport-cordoba-1024x576.webp\" class=\"attachment-large size-large\" alt=\"\" srcset=\"https:\/\/discover-andalusia.com\/wp-content\/uploads\/2024\/11\/public-transport-cordoba-1024x576.webp 1024w, https:\/\/discover-andalusia.com\/wp-content\/uploads\/2024\/11\/public-transport-cordoba-300x169.webp 300w, https:\/\/discover-andalusia.com\/wp-content\/uploads\/2024\/11\/public-transport-cordoba-768x432.webp 768w, https:\/\/discover-andalusia.com\/wp-content\/uploads\/2024\/11\/public-transport-cordoba-18x10.webp 18w, https:\/\/discover-andalusia.com\/wp-content\/uploads\/2024\/11\/public-transport-cordoba.webp 1200w\" sizes=\"(max-width: 1024px) 100vw, 1024px\" \/>\t\t\t\t\t<\/a>\n\t\t\t\t\t\t\t<\/div>\n\t\t\t\t\t\t<h3 class=\"uagb-post__title uagb-post__text\">\n\t\t\t\t<a href=\"https:\/\/discover-andalusia.com\/pl\/transport-publiczny-w-cordobie-wszystko-czego-potrzebujesz\/\" target=\"_self\" rel=\"bookmark noopener noreferrer\">Transport publiczny w Kordobie: wszystko, czego potrzebujesz!<\/a>\n\t\t\t<\/h3>\n\t\t\t\t\t\t<div class='uagb-post__text uagb-post-grid-byline'>\n\t\t\t\t\t\t\t<\/div>\n\t\t\t\t\t\t\t<div class='uagb-post__text uagb-post__excerpt'>\n\t\t\t\t\t<p>Podczas wizyty w Kordobie mo\u017ce okaza\u0107 si\u0119 konieczne skorzystanie z transportu publicznego, poniewa\u017c miejsce zakwaterowania znajduje si\u0119 nieco daleko od historycznego centrum lub z powodu problem\u00f3w z poruszaniem si\u0119. Poniewa\u017c transport publiczny mo\u017ce by\u0107 czasami myl\u0105cy podczas...\t\t\t\t<\/div>\n\t\t\t\t\t\t<div class=\"uagb-post__text uagb-post__cta wp-block-button\">\n\t\t\t\t<a class=\"wp-block-button__link uagb-text-link\" style=\"\" href=\"https:\/\/discover-andalusia.com\/pl\/transport-publiczny-w-cordobie-wszystko-czego-potrzebujesz\/\" target=\"_self\" rel=\"bookmark noopener noreferrer\">Dowiedz si\u0119 wi\u0119cej<\/a>\n\t\t\t<\/div>\n\t\t\t\n\t\t\t\t\t\t\t\t\t<\/article>\n\t\t\t\t\t\t\t\t\t\t\t\t\t\t\t\t<article class=\"uagb-post__inner-wrap\">\t\t\t\t\t\t\t\t<div class='uagb-post__image'>\n\t\t\t\t\t\t\t\t\t<a href=\"https:\/\/discover-andalusia.com\/pl\/what-to-do-and-see-in-cordoba\/\" target=\"_self\" rel=\"bookmark noopener noreferrer\" class='uagb-image-ratio-inherit'><img decoding=\"async\" width=\"1024\" height=\"683\" src=\"https:\/\/discover-andalusia.com\/wp-content\/uploads\/2024\/10\/cordoba-1024x683.webp\" class=\"attachment-large size-large\" alt=\"\" srcset=\"https:\/\/discover-andalusia.com\/wp-content\/uploads\/2024\/10\/cordoba-1024x683.webp 1024w, https:\/\/discover-andalusia.com\/wp-content\/uploads\/2024\/10\/cordoba-300x200.webp 300w, https:\/\/discover-andalusia.com\/wp-content\/uploads\/2024\/10\/cordoba-768x512.webp 768w, https:\/\/discover-andalusia.com\/wp-content\/uploads\/2024\/10\/cordoba-1536x1024.webp 1536w, https:\/\/discover-andalusia.com\/wp-content\/uploads\/2024\/10\/cordoba-2048x1365.webp 2048w, https:\/\/discover-andalusia.com\/wp-content\/uploads\/2024\/10\/cordoba-18x12.webp 18w\" sizes=\"(max-width: 1024px) 100vw, 1024px\" \/>\t\t\t\t\t<\/a>\n\t\t\t\t\t\t\t<\/div>\n\t\t\t\t\t\t<h3 class=\"uagb-post__title uagb-post__text\">\n\t\t\t\t<a href=\"https:\/\/discover-andalusia.com\/pl\/what-to-do-and-see-in-cordoba\/\" target=\"_self\" rel=\"bookmark noopener noreferrer\">Co robi\u0107 i zobaczy\u0107 w Kordobie<\/a>\n\t\t\t<\/h3>\n\t\t\t\t\t\t<div class='uagb-post__text uagb-post-grid-byline'>\n\t\t\t\t\t\t\t<\/div>\n\t\t\t\t\t\t\t<div class='uagb-post__text uagb-post__excerpt'>\n\t\t\t\t\t<p>Kordoba to miasto pe\u0142ne uroku i historycznego dziedzictwa, znane z imponuj\u0105cej mieszanki kultur i styl\u00f3w architektonicznych. To andaluzyjskie miasto, wpisane na list\u0119 \u015bwiatowego dziedzictwa UNESCO, oferuje odwiedzaj\u0105cym podr\u00f3\u017c przez histori\u0119 z jego zabytkami, placami i...\t\t\t\t<\/div>\n\t\t\t\t\t\t<div class=\"uagb-post__text uagb-post__cta wp-block-button\">\n\t\t\t\t<a class=\"wp-block-button__link uagb-text-link\" style=\"\" href=\"https:\/\/discover-andalusia.com\/pl\/what-to-do-and-see-in-cordoba\/\" target=\"_self\" rel=\"bookmark noopener noreferrer\">Dowiedz si\u0119 wi\u0119cej<\/a>\n\t\t\t<\/div>\n\t\t\t\n\t\t\t\t\t\t\t\t\t<\/article>\n\t\t\t\t\t\t\t\t\t\t\t\t\t\t\t\t<article class=\"uagb-post__inner-wrap\">\t\t\t\t\t\t\t\t<div class='uagb-post__image'>\n\t\t\t\t\t\t\t\t\t<a href=\"https:\/\/discover-andalusia.com\/pl\/the-10-best-hotels-in-cordoba\/\" target=\"_self\" rel=\"bookmark noopener noreferrer\" class='uagb-image-ratio-inherit'><img decoding=\"async\" width=\"688\" height=\"688\" src=\"https:\/\/discover-andalusia.com\/wp-content\/uploads\/2024\/09\/the-best-hotels-in-cordoba.webp\" class=\"attachment-large size-large\" alt=\"\" srcset=\"https:\/\/discover-andalusia.com\/wp-content\/uploads\/2024\/09\/the-best-hotels-in-cordoba.webp 688w, https:\/\/discover-andalusia.com\/wp-content\/uploads\/2024\/09\/the-best-hotels-in-cordoba-300x300.webp 300w, https:\/\/discover-andalusia.com\/wp-content\/uploads\/2024\/09\/the-best-hotels-in-cordoba-150x150.webp 150w, https:\/\/discover-andalusia.com\/wp-content\/uploads\/2024\/09\/the-best-hotels-in-cordoba-12x12.webp 12w\" sizes=\"(max-width: 688px) 100vw, 688px\" \/>\t\t\t\t\t<\/a>\n\t\t\t\t\t\t\t<\/div>\n\t\t\t\t\t\t<h3 class=\"uagb-post__title uagb-post__text\">\n\t\t\t\t<a href=\"https:\/\/discover-andalusia.com\/pl\/the-10-best-hotels-in-cordoba\/\" target=\"_self\" rel=\"bookmark noopener noreferrer\">10 najlepszych hoteli w Kordobie<\/a>\n\t\t\t<\/h3>\n\t\t\t\t\t\t<div class='uagb-post__text uagb-post-grid-byline'>\n\t\t\t\t\t\t\t<\/div>\n\t\t\t\t\t\t\t<div class='uagb-post__text uagb-post__excerpt'>\n\t\t\t\t\t<p>Kordoba, miasto przesi\u0105kni\u0119te histori\u0105 i znane z hipnotyzuj\u0105cej mieszanki wp\u0142yw\u00f3w rzymskich, maureta\u0144skich i chrze\u015bcija\u0144skich, oferuje urzekaj\u0105c\u0105 gam\u0119 hoteli, kt\u00f3re zaspokoj\u0105 potrzeby wszystkich podr\u00f3\u017cnych. Niezale\u017cnie od tego, czy chcesz zatrzyma\u0107 si\u0119 w zabytkowym...\t\t\t\t<\/div>\n\t\t\t\t\t\t<div class=\"uagb-post__text uagb-post__cta wp-block-button\">\n\t\t\t\t<a class=\"wp-block-button__link uagb-text-link\" style=\"\" href=\"https:\/\/discover-andalusia.com\/pl\/the-10-best-hotels-in-cordoba\/\" target=\"_self\" rel=\"bookmark noopener noreferrer\">Dowiedz si\u0119 wi\u0119cej<\/a>\n\t\t\t<\/div>\n\t\t\t\n\t\t\t\t\t\t\t\t\t<\/article>\n\t\t\t\t\t\t\t\t\t\t\t\t\t\t\t\t<article class=\"uagb-post__inner-wrap\">\t\t\t\t\t\t\t\t<div class='uagb-post__image'>\n\t\t\t\t\t\t\t\t\t<a href=\"https:\/\/discover-andalusia.com\/pl\/12-najlepszych-restauracji-w-cordobie\/\" target=\"_self\" rel=\"bookmark noopener noreferrer\" class='uagb-image-ratio-inherit'><img decoding=\"async\" width=\"450\" height=\"452\" src=\"https:\/\/discover-andalusia.com\/wp-content\/uploads\/2024\/08\/the-best-restaurants-in-cordoba.webp\" class=\"attachment-large size-large\" alt=\"\" srcset=\"https:\/\/discover-andalusia.com\/wp-content\/uploads\/2024\/08\/the-best-restaurants-in-cordoba.webp 450w, https:\/\/discover-andalusia.com\/wp-content\/uploads\/2024\/08\/the-best-restaurants-in-cordoba-300x300.webp 300w, https:\/\/discover-andalusia.com\/wp-content\/uploads\/2024\/08\/the-best-restaurants-in-cordoba-150x150.webp 150w, https:\/\/discover-andalusia.com\/wp-content\/uploads\/2024\/08\/the-best-restaurants-in-cordoba-12x12.webp 12w\" sizes=\"(max-width: 450px) 100vw, 450px\" \/>\t\t\t\t\t<\/a>\n\t\t\t\t\t\t\t<\/div>\n\t\t\t\t\t\t<h3 class=\"uagb-post__title uagb-post__text\">\n\t\t\t\t<a href=\"https:\/\/discover-andalusia.com\/pl\/12-najlepszych-restauracji-w-cordobie\/\" target=\"_self\" rel=\"bookmark noopener noreferrer\">12 najlepszych restauracji w Kordobie<\/a>\n\t\t\t<\/h3>\n\t\t\t\t\t\t<div class='uagb-post__text uagb-post-grid-byline'>\n\t\t\t\t\t\t\t<\/div>\n\t\t\t\t\t\t\t<div class='uagb-post__text uagb-post__excerpt'>\n\t\t\t\t\t<p>Kordoba, miasto, przez kt\u00f3re przewin\u0119\u0142o si\u0119 wiele kultur, oferuje doskona\u0142\u0105 kuchni\u0119, kt\u00f3ra odzwierciedla to bogactwo. Przedstawiamy najlepsze restauracje, aby\u015b m\u00f3g\u0142 cieszy\u0107 si\u0119 najlepsz\u0105 andaluzyjsk\u0105 gastronomi\u0105, niezale\u017cnie od tego, czy s\u0105 to tapas, ryby czy najlepsze \"salmorejo\"...\t\t\t\t<\/div>\n\t\t\t\t\t\t<div class=\"uagb-post__text uagb-post__cta wp-block-button\">\n\t\t\t\t<a class=\"wp-block-button__link uagb-text-link\" style=\"\" href=\"https:\/\/discover-andalusia.com\/pl\/12-najlepszych-restauracji-w-cordobie\/\" target=\"_self\" rel=\"bookmark noopener noreferrer\">Dowiedz si\u0119 wi\u0119cej<\/a>\n\t\t\t<\/div>\n\t\t\t\n\t\t\t\t\t\t\t\t\t<\/article>\n\t\t\t\t\t\t\t\t\t\t\t<\/div>","protected":false},"excerpt":{"rendered":"","protected":false},"author":2,"featured_media":0,"parent":0,"menu_order":0,"comment_status":"closed","ping_status":"closed","template":"","meta":{"_uag_custom_page_level_css":"","site-sidebar-layout":"default","site-content-layout":"","ast-site-content-layout":"default","site-content-style":"default","site-sidebar-style":"default","ast-global-header-display":"","ast-banner-title-visibility":"","ast-main-header-display":"","ast-hfb-above-header-display":"","ast-hfb-below-header-display":"","ast-hfb-mobile-header-display":"","site-post-title":"","ast-breadcrumbs-content":"","ast-featured-img":"","footer-sml-layout":"","theme-transparent-header-meta":"","adv-header-id-meta":"","stick-header-meta":"","header-above-stick-meta":"","header-main-stick-meta":"","header-below-stick-meta":"","astra-migrate-meta-layouts":"set","ast-page-background-enabled":"default","ast-page-background-meta":{"desktop":{"background-color":"","background-image":"","background-repeat":"repeat","background-position":"center center","background-size":"auto","background-attachment":"scroll","background-type":"","background-media":"","overlay-type":"","overlay-color":"","overlay-opacity":"","overlay-gradient":""},"tablet":{"background-color":"","background-image":"","background-repeat":"repeat","background-position":"center center","background-size":"auto","background-attachment":"scroll","background-type":"","background-media":"","overlay-type":"","overlay-color":"","overlay-opacity":"","overlay-gradient":""},"mobile":{"background-color":"","background-image":"","background-repeat":"repeat","background-position":"center center","background-size":"auto","background-attachment":"scroll","background-type":"","background-media":"","overlay-type":"","overlay-color":"","overlay-opacity":"","overlay-gradient":""}},"ast-content-background-meta":{"desktop":{"background-color":"var(--ast-global-color-5)","background-image":"","background-repeat":"repeat","background-position":"center center","background-size":"auto","background-attachment":"scroll","background-type":"","background-media":"","overlay-type":"","overlay-color":"","overlay-opacity":"","overlay-gradient":""},"tablet":{"background-color":"var(--ast-global-color-5)","background-image":"","background-repeat":"repeat","background-position":"center center","background-size":"auto","background-attachment":"scroll","background-type":"","background-media":"","overlay-type":"","overlay-color":"","overlay-opacity":"","overlay-gradient":""},"mobile":{"background-color":"var(--ast-global-color-5)","background-image":"","background-repeat":"repeat","background-position":"center center","background-size":"auto","background-attachment":"scroll","background-type":"","background-media":"","overlay-type":"","overlay-color":"","overlay-opacity":"","overlay-gradient":""}},"footnotes":""},"class_list":["post-2330","page","type-page","status-publish","hentry"],"uagb_featured_image_src":{"full":false,"thumbnail":false,"medium":false,"medium_large":false,"large":false,"1536x1536":false,"2048x2048":false,"trp-custom-language-flag":false},"uagb_author_info":{"display_name":"Pablo","author_link":"https:\/\/discover-andalusia.com\/pl\/author\/pablo\/"},"uagb_comment_info":0,"uagb_excerpt":null,"_links":{"self":[{"href":"https:\/\/discover-andalusia.com\/pl\/wp-json\/wp\/v2\/pages\/2330","targetHints":{"allow":["GET"]}}],"collection":[{"href":"https:\/\/discover-andalusia.com\/pl\/wp-json\/wp\/v2\/pages"}],"about":[{"href":"https:\/\/discover-andalusia.com\/pl\/wp-json\/wp\/v2\/types\/page"}],"author":[{"embeddable":true,"href":"https:\/\/discover-andalusia.com\/pl\/wp-json\/wp\/v2\/users\/2"}],"replies":[{"embeddable":true,"href":"https:\/\/discover-andalusia.com\/pl\/wp-json\/wp\/v2\/comments?post=2330"}],"version-history":[{"count":3,"href":"https:\/\/discover-andalusia.com\/pl\/wp-json\/wp\/v2\/pages\/2330\/revisions"}],"predecessor-version":[{"id":2727,"href":"https:\/\/discover-andalusia.com\/pl\/wp-json\/wp\/v2\/pages\/2330\/revisions\/2727"}],"wp:attachment":[{"href":"https:\/\/discover-andalusia.com\/pl\/wp-json\/wp\/v2\/media?parent=2330"}],"curies":[{"name":"wp","href":"https:\/\/api.w.org\/{rel}","templated":true}]}}