{"id":2330,"date":"2024-08-02T18:56:36","date_gmt":"2024-08-02T18:56:36","guid":{"rendered":"https:\/\/discover-andalusia.com\/?page_id=2330"},"modified":"2024-11-29T19:17:07","modified_gmt":"2024-11-29T19:17:07","slug":"cordoba","status":"publish","type":"page","link":"https:\/\/discover-andalusia.com\/sv\/cordoba\/","title":{"rendered":"C\u00f3rdoba"},"content":{"rendered":"<div class=\"wp-block-uagb-post-grid uagb-post-grid  uagb-post__image-position-top uagb-post__image-enabled uagb-block-e4b1e199     uagb-post__items uagb-post__columns-2 is-grid uagb-post__columns-tablet-2 uagb-post__columns-mobile-1 uagb-post__equal-height\" data-total=\"1\" style=\"\">\n\n\t\t\t\t\t\t\t\t\t\t\t\t<article class=\"uagb-post__inner-wrap\">\t\t\t\t\t\t\t\t<div class='uagb-post__image'>\n\t\t\t\t\t\t\t\t\t<a href=\"https:\/\/discover-andalusia.com\/sv\/cordoba-in-christmas\/\" target=\"_self\" rel=\"bookmark noopener noreferrer\" class='uagb-image-ratio-inherit'><img decoding=\"async\" width=\"1024\" height=\"430\" src=\"https:\/\/discover-andalusia.com\/wp-content\/uploads\/2024\/12\/cordoba-christmas-lights-1024x430.webp\" class=\"attachment-large size-large\" alt=\"\" srcset=\"https:\/\/discover-andalusia.com\/wp-content\/uploads\/2024\/12\/cordoba-christmas-lights-1024x430.webp 1024w, https:\/\/discover-andalusia.com\/wp-content\/uploads\/2024\/12\/cordoba-christmas-lights-300x126.webp 300w, https:\/\/discover-andalusia.com\/wp-content\/uploads\/2024\/12\/cordoba-christmas-lights-768x323.webp 768w, https:\/\/discover-andalusia.com\/wp-content\/uploads\/2024\/12\/cordoba-christmas-lights-1536x645.webp 1536w, https:\/\/discover-andalusia.com\/wp-content\/uploads\/2024\/12\/cordoba-christmas-lights-18x8.webp 18w, https:\/\/discover-andalusia.com\/wp-content\/uploads\/2024\/12\/cordoba-christmas-lights.webp 2000w\" sizes=\"(max-width: 1024px) 100vw, 1024px\" \/>\t\t\t\t\t<\/a>\n\t\t\t\t\t\t\t<\/div>\n\t\t\t\t\t\t<h3 class=\"uagb-post__title uagb-post__text\">\n\t\t\t\t<a href=\"https:\/\/discover-andalusia.com\/sv\/cordoba-in-christmas\/\" target=\"_self\" rel=\"bookmark noopener noreferrer\">C\u00f3rdoba in Christmas 2025<\/a>\n\t\t\t<\/h3>\n\t\t\t\t\t\t<div class='uagb-post__text uagb-post-grid-byline'>\n\t\t\t\t\t\t\t<\/div>\n\t\t\t\t\t\t\t<div class='uagb-post__text uagb-post__excerpt'>\n\t\t\t\t\t<p>C\u00f3rdoba f\u00f6rvandlas till ett festligt underland under semesters\u00e4songen och erbjuder en rik blandning av tradition, kultur och underh\u00e5llning f\u00f6r alla. Fr\u00e5n bl\u00e4ndande ljusspel och livliga parader till musikf\u00f6rest\u00e4llningar och familjev\u00e4nliga aktiviteter, staden kommer till liv med...\t\t\t\t<\/div>\n\t\t\t\t\t\t<div class=\"uagb-post__text uagb-post__cta wp-block-button\">\n\t\t\t\t<a class=\"wp-block-button__link uagb-text-link\" style=\"\" href=\"https:\/\/discover-andalusia.com\/sv\/cordoba-in-christmas\/\" target=\"_self\" rel=\"bookmark noopener noreferrer\">L\u00e4s mer om<\/a>\n\t\t\t<\/div>\n\t\t\t\n\t\t\t\t\t\t\t\t\t<\/article>\n\t\t\t\t\t\t\t\t\t\t\t\t\t\t\t\t<article class=\"uagb-post__inner-wrap\">\t\t\t\t\t\t\t\t<div class='uagb-post__image'>\n\t\t\t\t\t\t\t\t\t<a href=\"https:\/\/discover-andalusia.com\/sv\/kollektivtrafiken-i-cordoba-allt-du-behover\/\" target=\"_self\" rel=\"bookmark noopener noreferrer\" class='uagb-image-ratio-inherit'><img decoding=\"async\" width=\"1024\" height=\"576\" src=\"https:\/\/discover-andalusia.com\/wp-content\/uploads\/2024\/11\/public-transport-cordoba-1024x576.webp\" class=\"attachment-large size-large\" alt=\"\" srcset=\"https:\/\/discover-andalusia.com\/wp-content\/uploads\/2024\/11\/public-transport-cordoba-1024x576.webp 1024w, https:\/\/discover-andalusia.com\/wp-content\/uploads\/2024\/11\/public-transport-cordoba-300x169.webp 300w, https:\/\/discover-andalusia.com\/wp-content\/uploads\/2024\/11\/public-transport-cordoba-768x432.webp 768w, https:\/\/discover-andalusia.com\/wp-content\/uploads\/2024\/11\/public-transport-cordoba-18x10.webp 18w, https:\/\/discover-andalusia.com\/wp-content\/uploads\/2024\/11\/public-transport-cordoba.webp 1200w\" sizes=\"(max-width: 1024px) 100vw, 1024px\" \/>\t\t\t\t\t<\/a>\n\t\t\t\t\t\t\t<\/div>\n\t\t\t\t\t\t<h3 class=\"uagb-post__title uagb-post__text\">\n\t\t\t\t<a href=\"https:\/\/discover-andalusia.com\/sv\/kollektivtrafiken-i-cordoba-allt-du-behover\/\" target=\"_self\" rel=\"bookmark noopener noreferrer\">Kollektivtrafik i C\u00f3rdoba: allt du beh\u00f6ver!<\/a>\n\t\t\t<\/h3>\n\t\t\t\t\t\t<div class='uagb-post__text uagb-post-grid-byline'>\n\t\t\t\t\t\t\t<\/div>\n\t\t\t\t\t\t\t<div class='uagb-post__text uagb-post__excerpt'>\n\t\t\t\t\t<p>Under ditt bes\u00f6k i C\u00f3rdoba kan det h\u00e4nda att du m\u00e5ste anv\u00e4nda kollektivtrafiken, antingen f\u00f6r att ditt boende ligger en bit fr\u00e5n den historiska stadsk\u00e4rnan eller p\u00e5 grund av r\u00f6relsehinder. Eftersom kollektivtrafiken ibland kan vara f\u00f6rvirrande medan...\t\t\t\t<\/div>\n\t\t\t\t\t\t<div class=\"uagb-post__text uagb-post__cta wp-block-button\">\n\t\t\t\t<a class=\"wp-block-button__link uagb-text-link\" style=\"\" href=\"https:\/\/discover-andalusia.com\/sv\/kollektivtrafiken-i-cordoba-allt-du-behover\/\" target=\"_self\" rel=\"bookmark noopener noreferrer\">L\u00e4s mer om<\/a>\n\t\t\t<\/div>\n\t\t\t\n\t\t\t\t\t\t\t\t\t<\/article>\n\t\t\t\t\t\t\t\t\t\t\t\t\t\t\t\t<article class=\"uagb-post__inner-wrap\">\t\t\t\t\t\t\t\t<div class='uagb-post__image'>\n\t\t\t\t\t\t\t\t\t<a href=\"https:\/\/discover-andalusia.com\/sv\/what-to-do-and-see-in-cordoba\/\" target=\"_self\" rel=\"bookmark noopener noreferrer\" class='uagb-image-ratio-inherit'><img decoding=\"async\" width=\"1024\" height=\"683\" src=\"https:\/\/discover-andalusia.com\/wp-content\/uploads\/2024\/10\/cordoba-1024x683.webp\" class=\"attachment-large size-large\" alt=\"\" srcset=\"https:\/\/discover-andalusia.com\/wp-content\/uploads\/2024\/10\/cordoba-1024x683.webp 1024w, https:\/\/discover-andalusia.com\/wp-content\/uploads\/2024\/10\/cordoba-300x200.webp 300w, https:\/\/discover-andalusia.com\/wp-content\/uploads\/2024\/10\/cordoba-768x512.webp 768w, https:\/\/discover-andalusia.com\/wp-content\/uploads\/2024\/10\/cordoba-1536x1024.webp 1536w, https:\/\/discover-andalusia.com\/wp-content\/uploads\/2024\/10\/cordoba-2048x1365.webp 2048w, https:\/\/discover-andalusia.com\/wp-content\/uploads\/2024\/10\/cordoba-18x12.webp 18w\" sizes=\"(max-width: 1024px) 100vw, 1024px\" \/>\t\t\t\t\t<\/a>\n\t\t\t\t\t\t\t<\/div>\n\t\t\t\t\t\t<h3 class=\"uagb-post__title uagb-post__text\">\n\t\t\t\t<a href=\"https:\/\/discover-andalusia.com\/sv\/what-to-do-and-see-in-cordoba\/\" target=\"_self\" rel=\"bookmark noopener noreferrer\">Vad man kan g\u00f6ra och se i C\u00f3rdoba<\/a>\n\t\t\t<\/h3>\n\t\t\t\t\t\t<div class='uagb-post__text uagb-post-grid-byline'>\n\t\t\t\t\t\t\t<\/div>\n\t\t\t\t\t\t\t<div class='uagb-post__text uagb-post__excerpt'>\n\t\t\t\t\t<p>C\u00f3rdoba \u00e4r en stad full av charm och historiskt arv, k\u00e4nd f\u00f6r sin imponerande blandning av kulturer och arkitektoniska stilar. Denna andalusiska stad, som finns med p\u00e5 UNESCO:s v\u00e4rldsarvslista, erbjuder bes\u00f6kare en resa genom historien med sina monument, torg och...\t\t\t\t<\/div>\n\t\t\t\t\t\t<div class=\"uagb-post__text uagb-post__cta wp-block-button\">\n\t\t\t\t<a class=\"wp-block-button__link uagb-text-link\" style=\"\" href=\"https:\/\/discover-andalusia.com\/sv\/what-to-do-and-see-in-cordoba\/\" target=\"_self\" rel=\"bookmark noopener noreferrer\">L\u00e4s mer om<\/a>\n\t\t\t<\/div>\n\t\t\t\n\t\t\t\t\t\t\t\t\t<\/article>\n\t\t\t\t\t\t\t\t\t\t\t\t\t\t\t\t<article class=\"uagb-post__inner-wrap\">\t\t\t\t\t\t\t\t<div class='uagb-post__image'>\n\t\t\t\t\t\t\t\t\t<a href=\"https:\/\/discover-andalusia.com\/sv\/the-10-best-hotels-in-cordoba\/\" target=\"_self\" rel=\"bookmark noopener noreferrer\" class='uagb-image-ratio-inherit'><img decoding=\"async\" width=\"688\" height=\"688\" src=\"https:\/\/discover-andalusia.com\/wp-content\/uploads\/2024\/09\/the-best-hotels-in-cordoba.webp\" class=\"attachment-large size-large\" alt=\"\" srcset=\"https:\/\/discover-andalusia.com\/wp-content\/uploads\/2024\/09\/the-best-hotels-in-cordoba.webp 688w, https:\/\/discover-andalusia.com\/wp-content\/uploads\/2024\/09\/the-best-hotels-in-cordoba-300x300.webp 300w, https:\/\/discover-andalusia.com\/wp-content\/uploads\/2024\/09\/the-best-hotels-in-cordoba-150x150.webp 150w, https:\/\/discover-andalusia.com\/wp-content\/uploads\/2024\/09\/the-best-hotels-in-cordoba-12x12.webp 12w\" sizes=\"(max-width: 688px) 100vw, 688px\" \/>\t\t\t\t\t<\/a>\n\t\t\t\t\t\t\t<\/div>\n\t\t\t\t\t\t<h3 class=\"uagb-post__title uagb-post__text\">\n\t\t\t\t<a href=\"https:\/\/discover-andalusia.com\/sv\/the-10-best-hotels-in-cordoba\/\" target=\"_self\" rel=\"bookmark noopener noreferrer\">De 10 b\u00e4sta hotellen i C\u00f3rdoba<\/a>\n\t\t\t<\/h3>\n\t\t\t\t\t\t<div class='uagb-post__text uagb-post-grid-byline'>\n\t\t\t\t\t\t\t<\/div>\n\t\t\t\t\t\t\t<div class='uagb-post__text uagb-post__excerpt'>\n\t\t\t\t\t<p>C\u00f3rdoba, en stad som genomsyras av historia och \u00e4r k\u00e4nd f\u00f6r sin fascinerande blandning av romerska, moriska och kristna influenser, erbjuder ett f\u00f6rtrollande utbud av hotell som passar alla typer av resen\u00e4rer. Oavsett om du vill bo i ett historiskt...\t\t\t\t<\/div>\n\t\t\t\t\t\t<div class=\"uagb-post__text uagb-post__cta wp-block-button\">\n\t\t\t\t<a class=\"wp-block-button__link uagb-text-link\" style=\"\" href=\"https:\/\/discover-andalusia.com\/sv\/the-10-best-hotels-in-cordoba\/\" target=\"_self\" rel=\"bookmark noopener noreferrer\">L\u00e4s mer om<\/a>\n\t\t\t<\/div>\n\t\t\t\n\t\t\t\t\t\t\t\t\t<\/article>\n\t\t\t\t\t\t\t\t\t\t\t\t\t\t\t\t<article class=\"uagb-post__inner-wrap\">\t\t\t\t\t\t\t\t<div class='uagb-post__image'>\n\t\t\t\t\t\t\t\t\t<a href=\"https:\/\/discover-andalusia.com\/sv\/de-12-basta-restaurangerna-i-cordoba\/\" target=\"_self\" rel=\"bookmark noopener noreferrer\" class='uagb-image-ratio-inherit'><img decoding=\"async\" width=\"450\" height=\"452\" src=\"https:\/\/discover-andalusia.com\/wp-content\/uploads\/2024\/08\/the-best-restaurants-in-cordoba.webp\" class=\"attachment-large size-large\" alt=\"\" srcset=\"https:\/\/discover-andalusia.com\/wp-content\/uploads\/2024\/08\/the-best-restaurants-in-cordoba.webp 450w, https:\/\/discover-andalusia.com\/wp-content\/uploads\/2024\/08\/the-best-restaurants-in-cordoba-300x300.webp 300w, https:\/\/discover-andalusia.com\/wp-content\/uploads\/2024\/08\/the-best-restaurants-in-cordoba-150x150.webp 150w, https:\/\/discover-andalusia.com\/wp-content\/uploads\/2024\/08\/the-best-restaurants-in-cordoba-12x12.webp 12w\" sizes=\"(max-width: 450px) 100vw, 450px\" \/>\t\t\t\t\t<\/a>\n\t\t\t\t\t\t\t<\/div>\n\t\t\t\t\t\t<h3 class=\"uagb-post__title uagb-post__text\">\n\t\t\t\t<a href=\"https:\/\/discover-andalusia.com\/sv\/de-12-basta-restaurangerna-i-cordoba\/\" target=\"_self\" rel=\"bookmark noopener noreferrer\">De 12 b\u00e4sta restaurangerna i C\u00f3rdoba<\/a>\n\t\t\t<\/h3>\n\t\t\t\t\t\t<div class='uagb-post__text uagb-post-grid-byline'>\n\t\t\t\t\t\t\t<\/div>\n\t\t\t\t\t\t\t<div class='uagb-post__text uagb-post__excerpt'>\n\t\t\t\t\t<p>Cordoba, en stad som m\u00e5nga kulturer har passerat genom, erbjuder ett utm\u00e4rkt k\u00f6k som \u00e5terspeglar denna rikedom. Vi presenterar de b\u00e4sta restaurangerna d\u00e4r du kan njuta av den b\u00e4sta andalusiska gastronomin, oavsett om det \u00e4r tapas, fisk eller den b\u00e4sta \"salmorejo\"...\t\t\t\t<\/div>\n\t\t\t\t\t\t<div class=\"uagb-post__text uagb-post__cta wp-block-button\">\n\t\t\t\t<a class=\"wp-block-button__link uagb-text-link\" style=\"\" href=\"https:\/\/discover-andalusia.com\/sv\/de-12-basta-restaurangerna-i-cordoba\/\" target=\"_self\" rel=\"bookmark noopener noreferrer\">L\u00e4s mer om<\/a>\n\t\t\t<\/div>\n\t\t\t\n\t\t\t\t\t\t\t\t\t<\/article>\n\t\t\t\t\t\t\t\t\t\t\t<\/div>","protected":false},"excerpt":{"rendered":"","protected":false},"author":2,"featured_media":0,"parent":0,"menu_order":0,"comment_status":"closed","ping_status":"closed","template":"","meta":{"_uag_custom_page_level_css":"","site-sidebar-layout":"default","site-content-layout":"","ast-site-content-layout":"default","site-content-style":"default","site-sidebar-style":"default","ast-global-header-display":"","ast-banner-title-visibility":"","ast-main-header-display":"","ast-hfb-above-header-display":"","ast-hfb-below-header-display":"","ast-hfb-mobile-header-display":"","site-post-title":"","ast-breadcrumbs-content":"","ast-featured-img":"","footer-sml-layout":"","theme-transparent-header-meta":"","adv-header-id-meta":"","stick-header-meta":"","header-above-stick-meta":"","header-main-stick-meta":"","header-below-stick-meta":"","astra-migrate-meta-layouts":"set","ast-page-background-enabled":"default","ast-page-background-meta":{"desktop":{"background-color":"","background-image":"","background-repeat":"repeat","background-position":"center center","background-size":"auto","background-attachment":"scroll","background-type":"","background-media":"","overlay-type":"","overlay-color":"","overlay-opacity":"","overlay-gradient":""},"tablet":{"background-color":"","background-image":"","background-repeat":"repeat","background-position":"center center","background-size":"auto","background-attachment":"scroll","background-type":"","background-media":"","overlay-type":"","overlay-color":"","overlay-opacity":"","overlay-gradient":""},"mobile":{"background-color":"","background-image":"","background-repeat":"repeat","background-position":"center center","background-size":"auto","background-attachment":"scroll","background-type":"","background-media":"","overlay-type":"","overlay-color":"","overlay-opacity":"","overlay-gradient":""}},"ast-content-background-meta":{"desktop":{"background-color":"var(--ast-global-color-5)","background-image":"","background-repeat":"repeat","background-position":"center center","background-size":"auto","background-attachment":"scroll","background-type":"","background-media":"","overlay-type":"","overlay-color":"","overlay-opacity":"","overlay-gradient":""},"tablet":{"background-color":"var(--ast-global-color-5)","background-image":"","background-repeat":"repeat","background-position":"center center","background-size":"auto","background-attachment":"scroll","background-type":"","background-media":"","overlay-type":"","overlay-color":"","overlay-opacity":"","overlay-gradient":""},"mobile":{"background-color":"var(--ast-global-color-5)","background-image":"","background-repeat":"repeat","background-position":"center center","background-size":"auto","background-attachment":"scroll","background-type":"","background-media":"","overlay-type":"","overlay-color":"","overlay-opacity":"","overlay-gradient":""}},"footnotes":""},"class_list":["post-2330","page","type-page","status-publish","hentry"],"uagb_featured_image_src":{"full":false,"thumbnail":false,"medium":false,"medium_large":false,"large":false,"1536x1536":false,"2048x2048":false,"trp-custom-language-flag":false},"uagb_author_info":{"display_name":"Pablo","author_link":"https:\/\/discover-andalusia.com\/sv\/author\/pablo\/"},"uagb_comment_info":0,"uagb_excerpt":null,"_links":{"self":[{"href":"https:\/\/discover-andalusia.com\/sv\/wp-json\/wp\/v2\/pages\/2330","targetHints":{"allow":["GET"]}}],"collection":[{"href":"https:\/\/discover-andalusia.com\/sv\/wp-json\/wp\/v2\/pages"}],"about":[{"href":"https:\/\/discover-andalusia.com\/sv\/wp-json\/wp\/v2\/types\/page"}],"author":[{"embeddable":true,"href":"https:\/\/discover-andalusia.com\/sv\/wp-json\/wp\/v2\/users\/2"}],"replies":[{"embeddable":true,"href":"https:\/\/discover-andalusia.com\/sv\/wp-json\/wp\/v2\/comments?post=2330"}],"version-history":[{"count":3,"href":"https:\/\/discover-andalusia.com\/sv\/wp-json\/wp\/v2\/pages\/2330\/revisions"}],"predecessor-version":[{"id":2727,"href":"https:\/\/discover-andalusia.com\/sv\/wp-json\/wp\/v2\/pages\/2330\/revisions\/2727"}],"wp:attachment":[{"href":"https:\/\/discover-andalusia.com\/sv\/wp-json\/wp\/v2\/media?parent=2330"}],"curies":[{"name":"wp","href":"https:\/\/api.w.org\/{rel}","templated":true}]}}